{"id":1459,"date":"2018-11-13T16:07:10","date_gmt":"2018-11-13T16:07:10","guid":{"rendered":"http:\/\/maazcheese.nl\/ons-verhaal\/"},"modified":"2020-07-06T10:14:01","modified_gmt":"2020-07-06T10:14:01","slug":"die-maaz-geschichte","status":"publish","type":"page","link":"https:\/\/maazcheese.nl\/de\/die-maaz-geschichte\/","title":{"rendered":"Die MAAZ-Geschichte"},"content":{"rendered":"<p>[vc_row full_width=&#8220;stretch_row_content_no_spaces&#8220;][vc_column]\n\t\t\t<!-- START DieMAAZGeschichte REVOLUTION SLIDER 6.5.9 --><p class=\"rs-p-wp-fix\"><\/p>\n\t\t\t<rs-module-wrap id=\"rev_slider_44_1_wrapper\" data-source=\"gallery\" style=\"visibility:hidden;background:transparent;padding:0;margin:0px auto;margin-top:0;margin-bottom:0;max-width:;\">\n\t\t\t\t<rs-module id=\"rev_slider_44_1\" style=\"\" data-version=\"6.5.9\">\n\t\t\t\t\t<rs-slides>\n\t\t\t\t\t\t<rs-slide style=\"position: absolute;\" data-key=\"rs-87\" data-title=\"Slide\" data-anim=\"ms:600;r:0;\" data-in=\"o:0;\" data-out=\"a:false;\">\n\t\t\t\t\t\t\t<img src=\"\/\/maazcheese.nl\/wp-content\/plugins\/revslider\/public\/assets\/assets\/dummy.png\" title=\"Die MAAZ-Geschichte\" class=\"rev-slidebg tp-rs-img rs-lazyload\" data-lazyload=\"\/\/img.youtube.com\/vi\/D5WMewznvZ0\/sddefault.jpg\" data-parallax=\"off\" data-no-retina>\n\t\t\t\t\t\t\t<rs-bgvideo \n\t\t\t\t\t\t\t\tdata-video=\"vc:none;w:100%;h:100%;nse:false;rwd:false;l:true;ptimer:false;\"\n\t\t\t\t\t\t\t\tdata-ytid=\"D5WMewznvZ0\"\n\t\t\t\t\t\t\t\tdata-vatr=\"version=3&amp;enablejsapi=1&amp;html5=1&amp;hd=1&amp;wmode=opaque&amp;showinfo=0&amp;rel=0&amp;origin=https:\/\/maazcheese.nl;\"\n\t\t\t\t\t\t\t><\/rs-bgvideo>\n<!--\n\t\t\t\t\t\t\t--><rs-layer\n\t\t\t\t\t\t\t\tid=\"slider-44-slide-87-layer-0\" \n\t\t\t\t\t\t\t\tclass=\"rev-scroll-btn rev-b-span-dark rs-selectable\"\n\t\t\t\t\t\t\t\tdata-type=\"button\"\n\t\t\t\t\t\t\t\tdata-rsp_ch=\"on\"\n\t\t\t\t\t\t\t\tdata-xy=\"x:c;y:b;yo:15px,12px,9px,15px;\"\n\t\t\t\t\t\t\t\tdata-text=\"w:normal;s:17,14,10,8;l:20,16,12,9;ls:1,0,0,0;\"\n\t\t\t\t\t\t\t\tdata-dim=\"w:35px,28px,21px,16px;h:55px,45px,34px,26px;minw:35px,none,none,none;minh:55px,none,none,none;\"\n\t\t\t\t\t\t\t\tdata-actions='o:click;a:scrollbelow;sp:1000ms;e:power1.inOut;'\n\t\t\t\t\t\t\t\tdata-padding=\"t:22,18,14,12;r:14,12,9,8;b:22,18,14,12;l:14,12,9,8;\"\n\t\t\t\t\t\t\t\tdata-border=\"bos:solid;boc:rgba(255,255,255,0.75);bow:3px,3px,3px,3px;bor:23px,23px,23px,23px;\"\n\t\t\t\t\t\t\t\tdata-frame_0=\"x:0,0,0,0px;y:0,0,0,0px;\"\n\t\t\t\t\t\t\t\tdata-frame_1=\"x:0,0,0,0px;y:0,0,0,0px;\"\n\t\t\t\t\t\t\t\tdata-frame_999=\"o:0;st:w;\"\n\t\t\t\t\t\t\t\tstyle=\"z-index:5;background-color:#ffffff;font-family:'Roboto';text-transform:uppercase;\"\n\t\t\t\t\t\t\t><span><\/span><span><\/span><span><\/span> \n\t\t\t\t\t\t\t<\/rs-layer><!--\n-->\t\t\t\t\t\t<\/rs-slide>\n\t\t\t\t\t\t<rs-slide style=\"position: absolute;\" data-key=\"rs-871\" data-title=\"Slide\" data-anim=\"ms:600;r:0;\" data-in=\"o:0;\" data-out=\"a:false;\">\n\t\t\t\t\t\t\t<img src=\"\/\/maazcheese.nl\/wp-content\/plugins\/revslider\/public\/assets\/assets\/dummy.png\" title=\"Die MAAZ-Geschichte\" class=\"rev-slidebg tp-rs-img rs-lazyload\" data-lazyload=\"\/\/img.youtube.com\/vi\/D5WMewznvZ0\/sddefault.jpg\" data-parallax=\"off\" data-no-retina>\n\t\t\t\t\t\t\t<rs-bgvideo \n\t\t\t\t\t\t\t\tdata-video=\"vc:none;w:100%;h:100%;nse:false;rwd:false;l:true;ptimer:false;\"\n\t\t\t\t\t\t\t\tdata-ytid=\"D5WMewznvZ0\"\n\t\t\t\t\t\t\t\tdata-vatr=\"version=3&amp;enablejsapi=1&amp;html5=1&amp;hd=1&amp;wmode=opaque&amp;showinfo=0&amp;rel=0&amp;origin=https:\/\/maazcheese.nl;\"\n\t\t\t\t\t\t\t><\/rs-bgvideo>\n<!--\n\t\t\t\t\t\t\t--><rs-layer\n\t\t\t\t\t\t\t\tid=\"slider-44-slide-871-layer-0\" \n\t\t\t\t\t\t\t\tclass=\"rev-scroll-btn rev-b-span-dark rs-selectable\"\n\t\t\t\t\t\t\t\tdata-type=\"button\"\n\t\t\t\t\t\t\t\tdata-rsp_ch=\"on\"\n\t\t\t\t\t\t\t\tdata-xy=\"x:c;y:b;yo:15px,12px,9px,15px;\"\n\t\t\t\t\t\t\t\tdata-text=\"w:normal;s:17,14,10,8;l:20,16,12,9;ls:1,0,0,0;\"\n\t\t\t\t\t\t\t\tdata-dim=\"w:35px,28px,21px,16px;h:55px,45px,34px,26px;minw:35px,none,none,none;minh:55px,none,none,none;\"\n\t\t\t\t\t\t\t\tdata-actions='o:click;a:scrollbelow;sp:1000ms;e:power1.inOut;'\n\t\t\t\t\t\t\t\tdata-padding=\"t:22,18,14,12;r:14,12,9,8;b:22,18,14,12;l:14,12,9,8;\"\n\t\t\t\t\t\t\t\tdata-border=\"bos:solid;boc:rgba(255,255,255,0.75);bow:3px,3px,3px,3px;bor:23px,23px,23px,23px;\"\n\t\t\t\t\t\t\t\tdata-frame_0=\"x:0,0,0,0px;y:0,0,0,0px;\"\n\t\t\t\t\t\t\t\tdata-frame_1=\"x:0,0,0,0px;y:0,0,0,0px;\"\n\t\t\t\t\t\t\t\tdata-frame_999=\"o:0;st:w;\"\n\t\t\t\t\t\t\t\tstyle=\"z-index:5;background-color:#ffffff;font-family:'Roboto';text-transform:uppercase;\"\n\t\t\t\t\t\t\t><span><\/span><span><\/span><span><\/span> \n\t\t\t\t\t\t\t<\/rs-layer><!--\n-->\t\t\t\t\t\t<\/rs-slide>\n\t\t\t\t\t<\/rs-slides>\n\t\t\t\t<\/rs-module>\n\t\t\t\t<script type=\"text\/javascript\">\n\t\t\t\t\tsetREVStartSize({c: 'rev_slider_44_1',rl:[1240,1024,778,480],el:[1000,620,960,300],gw:[1240,1024,778,480],gh:[1000,620,960,300],type:'standard',justify:'',layout:'fullwidth',mh:\"0\"});if (window.RS_MODULES!==undefined && window.RS_MODULES.modules!==undefined && window.RS_MODULES.modules[\"revslider441\"]!==undefined) {window.RS_MODULES.modules[\"revslider441\"].once = false;window.revapi44 = undefined;if (window.RS_MODULES.checkMinimal!==undefined) window.RS_MODULES.checkMinimal()}\n\t\t\t\t<\/script>\n\t\t\t\t<script src=\"https:\/\/www.youtube.com\/iframe_api\"><\/script>\n\t\t\t<\/rs-module-wrap>\n\t\t\t<!-- END REVOLUTION SLIDER -->\n[\/vc_column][\/vc_row][vc_row][vc_column][vc_empty_space height=&#8220;80px&#8220;][vc_row_inner el_id=&#8220;oorsprong&#8220;][vc_column_inner width=&#8220;3\/4&#8243;][vc_empty_space height=&#8220;12px&#8220;][vc_column_text]<\/p>\n<h4><strong>UNSER URSPRUNG<\/strong><\/h4>\n<p>Angetrieben von der Leidenschaft f\u00fcr das Handwerk, geboren mit einem intuitiven Gesch\u00e4ftsgeist. MAAZ Cheese ist ein typisch niederl\u00e4ndisches Familienunternehmen, das von Menschen gef\u00fchrt wird, die ihr Wissen \u00fcber den Markt, das Produkt und den Kunden \u00fcber Generationen aufgebaut haben. Die Menschen von MAAZ Cheese lassen sich von authentischem Unternehmertum leiten und konzentrieren sich auf eine nachhaltige Beziehung zum Kunden.[\/vc_column_text][vc_single_image image=&#8220;2026&#8243; alignment=&#8220;center&#8220; style=&#8220;vc_box_shadow&#8220; css=&#8220;.vc_custom_1594030438462{margin-top: 35px !important;}&#8220;][\/vc_column_inner][vc_column_inner width=&#8220;1\/4&#8243;][vc_empty_space height=&#8220;12px&#8220;][vc_column_text]<\/p>\n<h4><strong>KONTAKT<\/strong><\/h4>\n<p>[\/vc_column_text]    \n\t<div class=\"vntd-contact-block contact-block-default\">\n\t\t<div class=\"contact-block-inner\">\n\t\t\t<div class=\"contact-block-header\">\n\t\t\t\t\t\t<\/div>\n\t\t\t<div class=\"contact-block-details\">\n\t\t\t\t<div class=\"contact-block-address\"><i class=\"fa fa-map-marker\"><\/i> <span>Portugalweg 17, 2411 PR Bodegraven<\/span><\/div><div class=\"contact-block-phone\"><i class=\"fa fa-phone\"><\/i> <span>+31 (0) 172 55 3000<\/span><\/div><div class=\"contact-block-email\"><i class=\"fa fa-envelope\"><\/i> <span><a href=\"mailto:info@maazcheese.nl\">info@maazcheese.nl<\/a><\/span><\/div>\t\t\t<\/div>\n\t\t<\/div>\n\t<\/div>\n\t\n\t[\/vc_column_inner][\/vc_row_inner][vc_empty_space height=&#8220;100px&#8220;][\/vc_column][\/vc_row][vc_row content_placement=&#8220;middle&#8220; css=&#8220;.vc_custom_1554450536889{padding-top: 15px !important;padding-right: 32px !important;padding-bottom: 15px !important;padding-left: 32px !important;background-color: #ef7a04 !important;}&#8220;][vc_column width=&#8220;1\/4&#8243; offset=&#8220;vc_hidden-sm vc_hidden-xs&#8220;][\/vc_column][vc_column width=&#8220;1\/2&#8243; offset=&#8220;vc_hidden-sm vc_col-xs-12 vc_hidden-xs&#8220;][vc_column_text]<\/p>\n<blockquote><p><span style=\"color: #ffffff;\">\u201eWir beliefern unsere Kunden in mehr als 60 L\u00e4ndern t\u00e4glich mit unserem reichhaltigen Sortiment an niederl\u00e4ndischen und anderen europ\u00e4ischen K\u00e4sesorten und Milchspezialit\u00e4ten. Wir sind als innovativer und passionierter Gesch\u00e4ftspartner bekannt, bei dem Zuverl\u00e4ssigkeit selbstverst\u00e4ndlich ist.\u201c<\/span><\/p><\/blockquote>\n<p>[\/vc_column_text][\/vc_column][vc_column width=&#8220;1\/4&#8243; offset=&#8220;vc_hidden-sm vc_hidden-xs&#8220;][\/vc_column][\/vc_row][vc_row css=&#8220;.vc_custom_1548765969560{padding-top: 15px !important;padding-right: 32px !important;padding-bottom: 15px !important;padding-left: 32px !important;background-color: #ef7a04 !important;}&#8220;][vc_column offset=&#8220;vc_hidden-lg vc_hidden-md&#8220;][vc_column_text]<\/p>\n<blockquote><p><em><span style=\"color: #ffffff;\">\u201eWir beliefern unsere Kunden in mehr als 60 L\u00e4ndern t\u00e4glich mit unserem reichhaltigen Sortiment an niederl\u00e4ndischen und anderen europ\u00e4ischen K\u00e4sesorten und Milchspezialit\u00e4ten. Wir sind als innovativer und passionierter Gesch\u00e4ftspartner bekannt, bei dem Zuverl\u00e4ssigkeit selbstverst\u00e4ndlich ist.\u201c<\/span><\/em><\/p><\/blockquote>\n<p>[\/vc_column_text][\/vc_column][\/vc_row][vc_row][vc_column][vc_empty_space height=&#8220;80px&#8220;][vc_row_inner el_id=&#8220;drijfveer&#8220;][vc_column_inner width=&#8220;3\/4&#8243;][vc_column_text]<\/p>\n<h4><strong>UNSERE TRIEBFEDER<\/strong><\/h4>\n<p>Die Niederlande sind eines der fortschrittlichsten L\u00e4nder im Milchsektor weltweit. Mit guten Bedingungen f\u00fcr landwirtschaftliche Betriebe, einem sehr hohen Wissens- und Qualit\u00e4tsniveau, einer starken Innovationskraft und einem gesunden Gesch\u00e4ftsgeist k\u00f6nnen die Niederlande diese Position seit vielen Jahrzehnten behaupten.<\/p>\n<p>MAAZ Cheese m\u00f6chte eine Br\u00fccke zwischen dem, was der niederl\u00e4ndische Milchsektor und der europ\u00e4ische K\u00e4semarkt zu bieten haben, und den Anforderungen des (Verbraucher-)Markts schlagen. Durch die direkte Zusammenarbeit mit f\u00fchrenden europ\u00e4ischen K\u00e4se- und Milchproduzenten, unseren eigenen Reifungsanlagen, modernen Verpackungstechnologien und einem hochmodernen Distributionszentrum k\u00f6nnen wir die Kosten der Lieferkette begrenzen.[\/vc_column_text][\/vc_column_inner][\/vc_row_inner][vc_empty_space height=&#8220;100px&#8220;][\/vc_column][\/vc_row]<\/p>\n","protected":false},"excerpt":{"rendered":"<p>[vc_row full_width=&#8220;stretch_row_content_no_spaces&#8220;][vc_column][\/vc_column][\/vc_row][vc_row][vc_column][vc_empty_space height=&#8220;80px&#8220;][vc_row_inner el_id=&#8220;oorsprong&#8220;][vc_column_inner width=&#8220;3\/4&#8243;][vc_empty_space height=&#8220;12px&#8220;][vc_column_text] UNSER URSPRUNG Angetrieben von der Leidenschaft f\u00fcr das Handwerk, geboren mit einem intuitiven Gesch\u00e4ftsgeist. MAAZ Cheese ist ein typisch niederl\u00e4ndisches Familienunternehmen, das von Menschen gef\u00fchrt wird, die ihr Wissen \u00fcber den Markt, das Produkt und den Kunden \u00fcber Generationen aufgebaut haben. Die Menschen von [&hellip;]<\/p>\n","protected":false},"author":1,"featured_media":0,"parent":0,"menu_order":0,"comment_status":"closed","ping_status":"closed","template":"","meta":{"_exactmetrics_skip_tracking":false,"_exactmetrics_sitenote_active":false,"_exactmetrics_sitenote_note":"","_exactmetrics_sitenote_category":0},"yoast_head":"<!-- This site is optimized with the Yoast SEO plugin v20.6 - https:\/\/yoast.com\/wordpress\/plugins\/seo\/ -->\n<title>Die MAAZ-Geschichte - MAAZ Cheese<\/title>\n<meta name=\"robots\" content=\"index, follow, max-snippet:-1, max-image-preview:large, max-video-preview:-1\" \/>\n<link rel=\"canonical\" href=\"https:\/\/maazcheese.nl\/de\/die-maaz-geschichte\/\" \/>\n<meta property=\"og:locale\" content=\"de_DE\" \/>\n<meta property=\"og:type\" content=\"article\" \/>\n<meta property=\"og:title\" content=\"Die MAAZ-Geschichte - MAAZ Cheese\" \/>\n<meta property=\"og:description\" content=\"[vc_row full_width=&#8220;stretch_row_content_no_spaces&#8220;][vc_column][\/vc_column][\/vc_row][vc_row][vc_column][vc_empty_space height=&#8220;80px&#8220;][vc_row_inner el_id=&#8220;oorsprong&#8220;][vc_column_inner width=&#8220;3\/4&#8243;][vc_empty_space height=&#8220;12px&#8220;][vc_column_text] UNSER URSPRUNG Angetrieben von der Leidenschaft f\u00fcr das Handwerk, geboren mit einem intuitiven Gesch\u00e4ftsgeist. MAAZ Cheese ist ein typisch niederl\u00e4ndisches Familienunternehmen, das von Menschen gef\u00fchrt wird, die ihr Wissen \u00fcber den Markt, das Produkt und den Kunden \u00fcber Generationen aufgebaut haben. Die Menschen von [&hellip;]\" \/>\n<meta property=\"og:url\" content=\"https:\/\/maazcheese.nl\/de\/die-maaz-geschichte\/\" \/>\n<meta property=\"og:site_name\" content=\"MAAZ Cheese\" \/>\n<meta property=\"article:modified_time\" content=\"2020-07-06T10:14:01+00:00\" \/>\n<meta name=\"twitter:card\" content=\"summary_large_image\" \/>\n<meta name=\"twitter:label1\" content=\"Gesch\u00e4tzte Lesezeit\" \/>\n\t<meta name=\"twitter:data1\" content=\"3 Minuten\" \/>\n<script type=\"application\/ld+json\" class=\"yoast-schema-graph\">{\"@context\":\"https:\/\/schema.org\",\"@graph\":[{\"@type\":\"WebPage\",\"@id\":\"https:\/\/maazcheese.nl\/de\/die-maaz-geschichte\/\",\"url\":\"https:\/\/maazcheese.nl\/de\/die-maaz-geschichte\/\",\"name\":\"Die MAAZ-Geschichte - MAAZ Cheese\",\"isPartOf\":{\"@id\":\"https:\/\/maazcheese.nl\/#website\"},\"datePublished\":\"2018-11-13T16:07:10+00:00\",\"dateModified\":\"2020-07-06T10:14:01+00:00\",\"breadcrumb\":{\"@id\":\"https:\/\/maazcheese.nl\/de\/die-maaz-geschichte\/#breadcrumb\"},\"inLanguage\":\"de-DE\",\"potentialAction\":[{\"@type\":\"ReadAction\",\"target\":[\"https:\/\/maazcheese.nl\/de\/die-maaz-geschichte\/\"]}]},{\"@type\":\"BreadcrumbList\",\"@id\":\"https:\/\/maazcheese.nl\/de\/die-maaz-geschichte\/#breadcrumb\",\"itemListElement\":[{\"@type\":\"ListItem\",\"position\":1,\"name\":\"Home\",\"item\":\"https:\/\/maazcheese.nl\/de\/\"},{\"@type\":\"ListItem\",\"position\":2,\"name\":\"Die MAAZ-Geschichte\"}]},{\"@type\":\"WebSite\",\"@id\":\"https:\/\/maazcheese.nl\/#website\",\"url\":\"https:\/\/maazcheese.nl\/\",\"name\":\"MAAZ Cheese\",\"description\":\"from core to more\",\"publisher\":{\"@id\":\"https:\/\/maazcheese.nl\/#organization\"},\"potentialAction\":[{\"@type\":\"SearchAction\",\"target\":{\"@type\":\"EntryPoint\",\"urlTemplate\":\"https:\/\/maazcheese.nl\/?s={search_term_string}\"},\"query-input\":\"required name=search_term_string\"}],\"inLanguage\":\"de-DE\"},{\"@type\":\"Organization\",\"@id\":\"https:\/\/maazcheese.nl\/#organization\",\"name\":\"MAAZ Cheese B.V.\",\"url\":\"https:\/\/maazcheese.nl\/\",\"logo\":{\"@type\":\"ImageObject\",\"inLanguage\":\"de-DE\",\"@id\":\"https:\/\/maazcheese.nl\/#\/schema\/logo\/image\/\",\"url\":\"https:\/\/maazcheese.nl\/wp-content\/uploads\/2018\/09\/MAAZ-Cheese-LOGO-groot-website-1.png\",\"contentUrl\":\"https:\/\/maazcheese.nl\/wp-content\/uploads\/2018\/09\/MAAZ-Cheese-LOGO-groot-website-1.png\",\"width\":1200,\"height\":600,\"caption\":\"MAAZ Cheese B.V.\"},\"image\":{\"@id\":\"https:\/\/maazcheese.nl\/#\/schema\/logo\/image\/\"},\"sameAs\":[\"https:\/\/www.linkedin.com\/company\/maaz-cheese\/\"]}]}<\/script>\n<!-- \/ Yoast SEO plugin. -->","yoast_head_json":{"title":"Die MAAZ-Geschichte - MAAZ Cheese","robots":{"index":"index","follow":"follow","max-snippet":"max-snippet:-1","max-image-preview":"max-image-preview:large","max-video-preview":"max-video-preview:-1"},"canonical":"https:\/\/maazcheese.nl\/de\/die-maaz-geschichte\/","og_locale":"de_DE","og_type":"article","og_title":"Die MAAZ-Geschichte - MAAZ Cheese","og_description":"[vc_row full_width=&#8220;stretch_row_content_no_spaces&#8220;][vc_column][\/vc_column][\/vc_row][vc_row][vc_column][vc_empty_space height=&#8220;80px&#8220;][vc_row_inner el_id=&#8220;oorsprong&#8220;][vc_column_inner width=&#8220;3\/4&#8243;][vc_empty_space height=&#8220;12px&#8220;][vc_column_text] UNSER URSPRUNG Angetrieben von der Leidenschaft f\u00fcr das Handwerk, geboren mit einem intuitiven Gesch\u00e4ftsgeist. MAAZ Cheese ist ein typisch niederl\u00e4ndisches Familienunternehmen, das von Menschen gef\u00fchrt wird, die ihr Wissen \u00fcber den Markt, das Produkt und den Kunden \u00fcber Generationen aufgebaut haben. Die Menschen von [&hellip;]","og_url":"https:\/\/maazcheese.nl\/de\/die-maaz-geschichte\/","og_site_name":"MAAZ Cheese","article_modified_time":"2020-07-06T10:14:01+00:00","twitter_card":"summary_large_image","twitter_misc":{"Gesch\u00e4tzte Lesezeit":"3 Minuten"},"schema":{"@context":"https:\/\/schema.org","@graph":[{"@type":"WebPage","@id":"https:\/\/maazcheese.nl\/de\/die-maaz-geschichte\/","url":"https:\/\/maazcheese.nl\/de\/die-maaz-geschichte\/","name":"Die MAAZ-Geschichte - MAAZ Cheese","isPartOf":{"@id":"https:\/\/maazcheese.nl\/#website"},"datePublished":"2018-11-13T16:07:10+00:00","dateModified":"2020-07-06T10:14:01+00:00","breadcrumb":{"@id":"https:\/\/maazcheese.nl\/de\/die-maaz-geschichte\/#breadcrumb"},"inLanguage":"de-DE","potentialAction":[{"@type":"ReadAction","target":["https:\/\/maazcheese.nl\/de\/die-maaz-geschichte\/"]}]},{"@type":"BreadcrumbList","@id":"https:\/\/maazcheese.nl\/de\/die-maaz-geschichte\/#breadcrumb","itemListElement":[{"@type":"ListItem","position":1,"name":"Home","item":"https:\/\/maazcheese.nl\/de\/"},{"@type":"ListItem","position":2,"name":"Die MAAZ-Geschichte"}]},{"@type":"WebSite","@id":"https:\/\/maazcheese.nl\/#website","url":"https:\/\/maazcheese.nl\/","name":"MAAZ Cheese","description":"from core to more","publisher":{"@id":"https:\/\/maazcheese.nl\/#organization"},"potentialAction":[{"@type":"SearchAction","target":{"@type":"EntryPoint","urlTemplate":"https:\/\/maazcheese.nl\/?s={search_term_string}"},"query-input":"required name=search_term_string"}],"inLanguage":"de-DE"},{"@type":"Organization","@id":"https:\/\/maazcheese.nl\/#organization","name":"MAAZ Cheese B.V.","url":"https:\/\/maazcheese.nl\/","logo":{"@type":"ImageObject","inLanguage":"de-DE","@id":"https:\/\/maazcheese.nl\/#\/schema\/logo\/image\/","url":"https:\/\/maazcheese.nl\/wp-content\/uploads\/2018\/09\/MAAZ-Cheese-LOGO-groot-website-1.png","contentUrl":"https:\/\/maazcheese.nl\/wp-content\/uploads\/2018\/09\/MAAZ-Cheese-LOGO-groot-website-1.png","width":1200,"height":600,"caption":"MAAZ Cheese B.V."},"image":{"@id":"https:\/\/maazcheese.nl\/#\/schema\/logo\/image\/"},"sameAs":["https:\/\/www.linkedin.com\/company\/maaz-cheese\/"]}]}},"_links":{"self":[{"href":"https:\/\/maazcheese.nl\/de\/wp-json\/wp\/v2\/pages\/1459"}],"collection":[{"href":"https:\/\/maazcheese.nl\/de\/wp-json\/wp\/v2\/pages"}],"about":[{"href":"https:\/\/maazcheese.nl\/de\/wp-json\/wp\/v2\/types\/page"}],"author":[{"embeddable":true,"href":"https:\/\/maazcheese.nl\/de\/wp-json\/wp\/v2\/users\/1"}],"replies":[{"embeddable":true,"href":"https:\/\/maazcheese.nl\/de\/wp-json\/wp\/v2\/comments?post=1459"}],"version-history":[{"count":10,"href":"https:\/\/maazcheese.nl\/de\/wp-json\/wp\/v2\/pages\/1459\/revisions"}],"predecessor-version":[{"id":2330,"href":"https:\/\/maazcheese.nl\/de\/wp-json\/wp\/v2\/pages\/1459\/revisions\/2330"}],"wp:attachment":[{"href":"https:\/\/maazcheese.nl\/de\/wp-json\/wp\/v2\/media?parent=1459"}],"curies":[{"name":"wp","href":"https:\/\/api.w.org\/{rel}","templated":true}]}}