{"id":1463,"date":"2018-11-13T16:08:50","date_gmt":"2018-11-13T16:08:50","guid":{"rendered":"http:\/\/maazcheese.nl\/kennis\/"},"modified":"2024-03-14T08:24:21","modified_gmt":"2024-03-14T08:24:21","slug":"unserwissen","status":"publish","type":"page","link":"https:\/\/maazcheese.nl\/de\/unserwissen\/","title":{"rendered":"Unser Wissen"},"content":{"rendered":"<p>[vc_row full_width=&#8220;stretch_row_content_no_spaces&#8220;][vc_column offset=&#8220;vc_hidden-lg vc_hidden-md vc_hidden-sm vc_hidden-xs&#8220;]\n    <div id=\"hero-section-2535\" class=\"hero-section veented-slider-holder\" data-slider-autoplay=\"7000\" data-slider-effect=\"fade\">\n\n\n\t\t<div class=\"hero-section-video swiper-containers\">\n\n\t\t\t<div class=\"veented-slider-inner swiper-wrapper\">\n\n\t\t\t\t<div class=\"bg-overlay bg-overlay-dark\"><\/div>\t\t\t\t\t\t\n\t\t\t\t\t\t<div class=\"swiper-slide veented-slide swiper-lazy veented-slide-1\" style=\"background-image:url(https:\/\/maazcheese.nl\/wp-content\/uploads\/2019\/04\/MAAZ-afbeelding_onzekenniszw1800x1000.jpg);\" data-background=\"https:\/\/maazcheese.nl\/wp-content\/uploads\/2019\/04\/MAAZ-afbeelding_onzekenniszw1800x1000.jpg\">\n\n\t\t\t\t\t\t<\/div>\n\n\t\t\t\t\t<style type=\"text\/css\">#hero-section-2535 { height: 600px; }<\/style>\t\t\t\t<div class=\"hero-section-content\">\n\t\t\t\t\t<div class=\"inner\">\n\t\t\t\t\t\t<div class=\"veented-slide-inner veented-slide\">\n\t\t\t\t\t\t\t\t\t\t\t\t\t\t<h2 class=\"hero-section-heading veented-slide-heading\"> KENNIS VAN DE MARKT, DE CONSUMENT EN KAAS<\/h2>\n\t\t\t\t\t\t\t\t\t\t\t\t\t\t<p class=\"hero-section-subtitle veented-slide-paragraph \">Innovatieve en bevlogen handelspartner<\/p>\n\t\t\t\t\t\t\t<div class=\"veented-slide-buttons\"><\/div>\t\t\t\t\t\t<\/div>\n\n\t\t\t\t\t<\/div>\n\t\t\t\t<\/div>\n\n\t\t\t<\/div>\n\n\t\t\t\n\t\t<\/div>\n\n\t<\/div>\n\n\t[\/vc_column][\/vc_row][vc_row full_width=&#8220;stretch_row_content_no_spaces&#8220;][vc_column]\n\t\t\t<!-- START UnserWissen REVOLUTION SLIDER 6.5.9 --><p class=\"rs-p-wp-fix\"><\/p>\n\t\t\t<rs-module-wrap id=\"rev_slider_17_1_wrapper\" data-source=\"gallery\" style=\"visibility:hidden;background:transparent;padding:0;margin:0px auto;margin-top:0;margin-bottom:0;\">\n\t\t\t\t<rs-module id=\"rev_slider_17_1\" style=\"\" data-version=\"6.5.9\">\n\t\t\t\t\t<rs-slides>\n\t\t\t\t\t\t<rs-slide style=\"position: absolute;\" data-key=\"rs-51\" data-title=\"Slide\" data-anim=\"ms:600;\" data-in=\"o:0;\" data-out=\"a:false;\">\n\t\t\t\t\t\t\t<img src=\"\/\/maazcheese.nl\/wp-content\/plugins\/revslider\/public\/assets\/assets\/dummy.png\" title=\"Unser Wissen\" class=\"rev-slidebg tp-rs-img rs-lazyload\" data-lazyload=\"\/\/maazcheese.nl\/wp-content\/uploads\/2019\/04\/MAAZ-afbeelding_onzekenniszw1800x1000.jpg\" data-bg=\"p:center top;\" data-parallax=\"off\" data-no-retina>\n<!--\n\t\t\t\t\t\t\t--><rs-layer\n\t\t\t\t\t\t\t\tid=\"slider-17-slide-51-layer-1\" \n\t\t\t\t\t\t\t\tclass=\"rs-selectable\"\n\t\t\t\t\t\t\t\tdata-type=\"text\"\n\t\t\t\t\t\t\t\tdata-rsp_ch=\"on\"\n\t\t\t\t\t\t\t\tdata-xy=\"x:c;y:m;yo:-63px;\"\n\t\t\t\t\t\t\t\tdata-text=\"s:58;l:22;ls:2px;fw:800;a:inherit;\"\n\t\t\t\t\t\t\t\tdata-frame_0=\"tp:600;\"\n\t\t\t\t\t\t\t\tdata-frame_1=\"tp:600;st:9.9432373046875;sR:9.9432373046875;\"\n\t\t\t\t\t\t\t\tdata-frame_999=\"o:0;tp:600;st:w;sR:8690.0564575195;\"\n\t\t\t\t\t\t\t\tstyle=\"z-index:5;font-family:'Raleway';\"\n\t\t\t\t\t\t\t>\nKENNTNIS VON MARKT, \n\t\t\t\t\t\t\t<\/rs-layer><!--\n\n\t\t\t\t\t\t\t--><rs-layer\n\t\t\t\t\t\t\t\tid=\"slider-17-slide-51-layer-2\" \n\t\t\t\t\t\t\t\tclass=\"rs-selectable\"\n\t\t\t\t\t\t\t\tdata-type=\"text\"\n\t\t\t\t\t\t\t\tdata-rsp_ch=\"on\"\n\t\t\t\t\t\t\t\tdata-xy=\"x:c;y:m;yo:70px;\"\n\t\t\t\t\t\t\t\tdata-text=\"s:25;l:22;a:inherit;\"\n\t\t\t\t\t\t\t\tdata-frame_0=\"tp:600;\"\n\t\t\t\t\t\t\t\tdata-frame_1=\"tp:600;st:9.9432373046875;sR:9.9432373046875;\"\n\t\t\t\t\t\t\t\tdata-frame_999=\"o:0;tp:600;st:w;sR:8690.0564575195;\"\n\t\t\t\t\t\t\t\tstyle=\"z-index:6;font-family:'Raleway';\"\n\t\t\t\t\t\t\t>Innovativer und leidenschaftlicher Handelspartner \n\t\t\t\t\t\t\t<\/rs-layer><!--\n\n\t\t\t\t\t\t\t--><rs-layer\n\t\t\t\t\t\t\t\tid=\"slider-17-slide-51-layer-5\" \n\t\t\t\t\t\t\t\tclass=\"rs-selectable\"\n\t\t\t\t\t\t\t\tdata-type=\"text\"\n\t\t\t\t\t\t\t\tdata-rsp_ch=\"on\"\n\t\t\t\t\t\t\t\tdata-xy=\"x:c;y:m;\"\n\t\t\t\t\t\t\t\tdata-text=\"s:58;l:22;ls:2px;fw:800;a:inherit;\"\n\t\t\t\t\t\t\t\tdata-frame_0=\"tp:600;\"\n\t\t\t\t\t\t\t\tdata-frame_1=\"tp:600;st:9.9432373046875;sR:9.9432373046875;\"\n\t\t\t\t\t\t\t\tdata-frame_999=\"o:0;tp:600;st:w;sR:8690.0564575195;\"\n\t\t\t\t\t\t\t\tstyle=\"z-index:7;font-family:'Raleway';\"\n\t\t\t\t\t\t\t>VERBRAUCHER UND K\u00c4SE \n\t\t\t\t\t\t\t<\/rs-layer><!--\n-->\t\t\t\t\t\t<\/rs-slide>\n\t\t\t\t\t\t<rs-slide style=\"position: absolute;\" data-key=\"rs-511\" data-title=\"Slide\" data-anim=\"ms:600;\" data-in=\"o:0;\" data-out=\"a:false;\">\n\t\t\t\t\t\t\t<img src=\"\/\/maazcheese.nl\/wp-content\/plugins\/revslider\/public\/assets\/assets\/dummy.png\" title=\"Unser Wissen\" class=\"rev-slidebg tp-rs-img rs-lazyload\" data-lazyload=\"\/\/maazcheese.nl\/wp-content\/uploads\/2019\/04\/MAAZ-afbeelding_onzekenniszw1800x1000.jpg\" data-bg=\"p:center top;\" data-parallax=\"off\" data-no-retina>\n<!--\n\t\t\t\t\t\t\t--><rs-layer\n\t\t\t\t\t\t\t\tid=\"slider-17-slide-511-layer-1\" \n\t\t\t\t\t\t\t\tclass=\"rs-selectable\"\n\t\t\t\t\t\t\t\tdata-type=\"text\"\n\t\t\t\t\t\t\t\tdata-rsp_ch=\"on\"\n\t\t\t\t\t\t\t\tdata-xy=\"x:c;y:m;yo:-63px;\"\n\t\t\t\t\t\t\t\tdata-text=\"s:58;l:22;ls:2px;fw:800;a:inherit;\"\n\t\t\t\t\t\t\t\tdata-frame_0=\"tp:600;\"\n\t\t\t\t\t\t\t\tdata-frame_1=\"tp:600;st:9.9432373046875;sR:9.9432373046875;\"\n\t\t\t\t\t\t\t\tdata-frame_999=\"o:0;tp:600;st:w;sR:8690.0564575195;\"\n\t\t\t\t\t\t\t\tstyle=\"z-index:5;font-family:'Raleway';\"\n\t\t\t\t\t\t\t>\nKENNTNIS VON MARKT, \n\t\t\t\t\t\t\t<\/rs-layer><!--\n\n\t\t\t\t\t\t\t--><rs-layer\n\t\t\t\t\t\t\t\tid=\"slider-17-slide-511-layer-2\" \n\t\t\t\t\t\t\t\tclass=\"rs-selectable\"\n\t\t\t\t\t\t\t\tdata-type=\"text\"\n\t\t\t\t\t\t\t\tdata-rsp_ch=\"on\"\n\t\t\t\t\t\t\t\tdata-xy=\"x:c;y:m;yo:70px;\"\n\t\t\t\t\t\t\t\tdata-text=\"s:25;l:22;a:inherit;\"\n\t\t\t\t\t\t\t\tdata-frame_0=\"tp:600;\"\n\t\t\t\t\t\t\t\tdata-frame_1=\"tp:600;st:9.9432373046875;sR:9.9432373046875;\"\n\t\t\t\t\t\t\t\tdata-frame_999=\"o:0;tp:600;st:w;sR:8690.0564575195;\"\n\t\t\t\t\t\t\t\tstyle=\"z-index:6;font-family:'Raleway';\"\n\t\t\t\t\t\t\t>Innovativer und leidenschaftlicher Handelspartner \n\t\t\t\t\t\t\t<\/rs-layer><!--\n\n\t\t\t\t\t\t\t--><rs-layer\n\t\t\t\t\t\t\t\tid=\"slider-17-slide-511-layer-5\" \n\t\t\t\t\t\t\t\tclass=\"rs-selectable\"\n\t\t\t\t\t\t\t\tdata-type=\"text\"\n\t\t\t\t\t\t\t\tdata-rsp_ch=\"on\"\n\t\t\t\t\t\t\t\tdata-xy=\"x:c;y:m;\"\n\t\t\t\t\t\t\t\tdata-text=\"s:58;l:22;ls:2px;fw:800;a:inherit;\"\n\t\t\t\t\t\t\t\tdata-frame_0=\"tp:600;\"\n\t\t\t\t\t\t\t\tdata-frame_1=\"tp:600;st:9.9432373046875;sR:9.9432373046875;\"\n\t\t\t\t\t\t\t\tdata-frame_999=\"o:0;tp:600;st:w;sR:8690.0564575195;\"\n\t\t\t\t\t\t\t\tstyle=\"z-index:7;font-family:'Raleway';\"\n\t\t\t\t\t\t\t>VERBRAUCHER UND K\u00c4SE \n\t\t\t\t\t\t\t<\/rs-layer><!--\n-->\t\t\t\t\t\t<\/rs-slide>\n\t\t\t\t\t<\/rs-slides>\n\t\t\t\t<\/rs-module>\n\t\t\t\t<script type=\"text\/javascript\">\n\t\t\t\t\tsetREVStartSize({c: 'rev_slider_17_1',rl:[1240,1024,1024,480],el:[],gw:[1240,1024,1024,480],gh:[700,620,620,600],type:'standard',justify:'',layout:'fullwidth',mh:\"0\"});if (window.RS_MODULES!==undefined && window.RS_MODULES.modules!==undefined && window.RS_MODULES.modules[\"revslider171\"]!==undefined) {window.RS_MODULES.modules[\"revslider171\"].once = false;window.revapi17 = undefined;if (window.RS_MODULES.checkMinimal!==undefined) window.RS_MODULES.checkMinimal()}\n\t\t\t\t<\/script>\n\t\t\t<\/rs-module-wrap>\n\t\t\t<!-- END REVOLUTION SLIDER -->\n[\/vc_column][\/vc_row][vc_row][vc_column][vc_empty_space height=&#8220;100px&#8220;][\/vc_column][\/vc_row][vc_row equal_height=&#8220;yes&#8220; content_placement=&#8220;top&#8220; el_id=&#8220;handelspartner&#8220;][vc_column width=&#8220;2\/3&#8243;][vc_column_text]<\/p>\n<h4><strong>HANDELSPARTNER<\/strong><\/h4>\n<p>MAAZ Cheese ist weltweit in 60 L\u00e4ndern aktiv. Die Vertriebsorganisation ist in Benedu und Export unterteilt. Die Exportaktivit\u00e4ten werden von <a href=\"https:\/\/veldhuyzenkaas.nl\">Veldhuyzen Kaas<\/a> \u00fcbernommen, das vollst\u00e4ndig in MAAZ Cheese integriert ist. Wir spezialisieren uns darauf, alle Marktsegmente zu bedienen, von Fachgesch\u00e4ften, ambulantem Handel, Superm\u00e4rkten und Gro\u00dfh\u00e4ndlern bis hin zu Foodservices. MAAZ Cheese kann auch Online-H\u00e4ndler nach Ma\u00df beliefern.<\/p>\n<p>Mit unseren Kenntnissen \u00fcber Markt, Verbraucher und K\u00e4se bietet MAAZ Cheese einen Mehrwert in jedem Vertriebskanal. Durch individuelle Beratung im Bereich von Vertrieb, Gesch\u00e4ftsf\u00fchrung und der Implementierung von Verkaufsstellen ist MAAZ Cheese in der Lage, in Absprache mit Ihnen eine Umsatz- und Renditeverbesserung zu erzielen.[\/vc_column_text][\/vc_column][vc_column width=&#8220;1\/3&#8243;][vc_single_image image=&#8220;2450&#8243; img_size=&#8220;medium&#8220; alignment=&#8220;center&#8220; onclick=&#8220;custom_link&#8220; img_link_target=&#8220;_blank&#8220; link=&#8220;https:\/\/veldhuyzenkaas.nl\/nl\/&#8220;][\/vc_column][\/vc_row][vc_row][vc_column][vc_video link=&#8220;https:\/\/vimeo.com\/451410570&#8243; align=&#8220;center&#8220;][\/vc_column][\/vc_row][vc_row equal_height=&#8220;yes&#8220; content_placement=&#8220;top&#8220;][vc_column][vc_empty_space height=&#8220;80px&#8220;][\/vc_column][\/vc_row][vc_row equal_height=&#8220;yes&#8220; rtl_reverse=&#8220;yes&#8220; el_id=&#8220;dairyexperts&#8220;][vc_column width=&#8220;1\/3&#8243; offset=&#8220;vc_hidden-xs&#8220;][vc_single_image image=&#8220;2130&#8243;][\/vc_column][vc_column width=&#8220;2\/3&#8243;][vc_column_text]<\/p>\n<h4><strong>DIE DAIRY EXPERTS<\/strong><\/h4>\n<p>Ein einzigartiges Merkmal von MAAZ Cheese sind unsere Dairy Experts. Gemeinsam bilden diese Fachleute eine einzigartige Wissens- und Erfahrungsquelle in der niederl\u00e4ndischen und internationalen Milchindustrie. Jeder Dairy Expert verf\u00fcgt \u00fcber mindestens vierzig Jahre Erfahrung im Milchsektor. Ihre Mission ist es, dieses Wissen und diese Erfahrung mit Ihnen zu teilen. Sie k\u00f6nnen ihre projektbezogenen Leistungen in Absprache mit uns in Anspruch nehmen. Diese Mitarbeiter unterst\u00fctzen unsere Lieferanten und Abnehmer bei der Entwicklung neuer Rezepturen, Verpackungsoptionen und Innovationen.[\/vc_column_text][\/vc_column][vc_column][\/vc_column][\/vc_row][vc_row][vc_column][vc_empty_space height=&#8220;155px&#8220;][\/vc_column][\/vc_row]<\/p>\n","protected":false},"excerpt":{"rendered":"<p>[vc_row full_width=&#8220;stretch_row_content_no_spaces&#8220;][vc_column offset=&#8220;vc_hidden-lg vc_hidden-md vc_hidden-sm vc_hidden-xs&#8220;][\/vc_column][\/vc_row][vc_row full_width=&#8220;stretch_row_content_no_spaces&#8220;][vc_column][\/vc_column][\/vc_row][vc_row][vc_column][vc_empty_space height=&#8220;100px&#8220;][\/vc_column][\/vc_row][vc_row equal_height=&#8220;yes&#8220; content_placement=&#8220;top&#8220; el_id=&#8220;handelspartner&#8220;][vc_column width=&#8220;2\/3&#8243;][vc_column_text] HANDELSPARTNER MAAZ Cheese ist weltweit in 60 L\u00e4ndern aktiv. Die Vertriebsorganisation ist in Benedu und Export unterteilt. Die Exportaktivit\u00e4ten werden von Veldhuyzen Kaas \u00fcbernommen, das vollst\u00e4ndig in MAAZ Cheese integriert ist. Wir spezialisieren uns darauf, alle Marktsegmente zu [&hellip;]<\/p>\n","protected":false},"author":1,"featured_media":0,"parent":0,"menu_order":0,"comment_status":"closed","ping_status":"closed","template":"","meta":{"_exactmetrics_skip_tracking":false,"_exactmetrics_sitenote_active":false,"_exactmetrics_sitenote_note":"","_exactmetrics_sitenote_category":0},"yoast_head":"<!-- This site is optimized with the Yoast SEO plugin v20.6 - https:\/\/yoast.com\/wordpress\/plugins\/seo\/ -->\n<title>Unser Wissen - MAAZ Cheese<\/title>\n<meta name=\"robots\" content=\"index, follow, max-snippet:-1, max-image-preview:large, max-video-preview:-1\" \/>\n<link rel=\"canonical\" href=\"https:\/\/maazcheese.nl\/de\/unserwissen\/\" \/>\n<meta property=\"og:locale\" content=\"de_DE\" \/>\n<meta property=\"og:type\" content=\"article\" \/>\n<meta property=\"og:title\" content=\"Unser Wissen - MAAZ Cheese\" \/>\n<meta property=\"og:description\" content=\"[vc_row full_width=&#8220;stretch_row_content_no_spaces&#8220;][vc_column offset=&#8220;vc_hidden-lg vc_hidden-md vc_hidden-sm vc_hidden-xs&#8220;][\/vc_column][\/vc_row][vc_row full_width=&#8220;stretch_row_content_no_spaces&#8220;][vc_column][\/vc_column][\/vc_row][vc_row][vc_column][vc_empty_space height=&#8220;100px&#8220;][\/vc_column][\/vc_row][vc_row equal_height=&#8220;yes&#8220; content_placement=&#8220;top&#8220; el_id=&#8220;handelspartner&#8220;][vc_column width=&#8220;2\/3&#8243;][vc_column_text] HANDELSPARTNER MAAZ Cheese ist weltweit in 60 L\u00e4ndern aktiv. Die Vertriebsorganisation ist in Benedu und Export unterteilt. Die Exportaktivit\u00e4ten werden von Veldhuyzen Kaas \u00fcbernommen, das vollst\u00e4ndig in MAAZ Cheese integriert ist. Wir spezialisieren uns darauf, alle Marktsegmente zu [&hellip;]\" \/>\n<meta property=\"og:url\" content=\"https:\/\/maazcheese.nl\/de\/unserwissen\/\" \/>\n<meta property=\"og:site_name\" content=\"MAAZ Cheese\" \/>\n<meta property=\"article:modified_time\" content=\"2024-03-14T08:24:21+00:00\" \/>\n<meta name=\"twitter:card\" content=\"summary_large_image\" \/>\n<meta name=\"twitter:label1\" content=\"Gesch\u00e4tzte Lesezeit\" \/>\n\t<meta name=\"twitter:data1\" content=\"2 Minuten\" \/>\n<script type=\"application\/ld+json\" class=\"yoast-schema-graph\">{\"@context\":\"https:\/\/schema.org\",\"@graph\":[{\"@type\":\"WebPage\",\"@id\":\"https:\/\/maazcheese.nl\/de\/unserwissen\/\",\"url\":\"https:\/\/maazcheese.nl\/de\/unserwissen\/\",\"name\":\"Unser Wissen - MAAZ Cheese\",\"isPartOf\":{\"@id\":\"https:\/\/maazcheese.nl\/#website\"},\"datePublished\":\"2018-11-13T16:08:50+00:00\",\"dateModified\":\"2024-03-14T08:24:21+00:00\",\"breadcrumb\":{\"@id\":\"https:\/\/maazcheese.nl\/de\/unserwissen\/#breadcrumb\"},\"inLanguage\":\"de-DE\",\"potentialAction\":[{\"@type\":\"ReadAction\",\"target\":[\"https:\/\/maazcheese.nl\/de\/unserwissen\/\"]}]},{\"@type\":\"BreadcrumbList\",\"@id\":\"https:\/\/maazcheese.nl\/de\/unserwissen\/#breadcrumb\",\"itemListElement\":[{\"@type\":\"ListItem\",\"position\":1,\"name\":\"Home\",\"item\":\"https:\/\/maazcheese.nl\/de\/\"},{\"@type\":\"ListItem\",\"position\":2,\"name\":\"Unser Wissen\"}]},{\"@type\":\"WebSite\",\"@id\":\"https:\/\/maazcheese.nl\/#website\",\"url\":\"https:\/\/maazcheese.nl\/\",\"name\":\"MAAZ Cheese\",\"description\":\"from core to more\",\"publisher\":{\"@id\":\"https:\/\/maazcheese.nl\/#organization\"},\"potentialAction\":[{\"@type\":\"SearchAction\",\"target\":{\"@type\":\"EntryPoint\",\"urlTemplate\":\"https:\/\/maazcheese.nl\/?s={search_term_string}\"},\"query-input\":\"required name=search_term_string\"}],\"inLanguage\":\"de-DE\"},{\"@type\":\"Organization\",\"@id\":\"https:\/\/maazcheese.nl\/#organization\",\"name\":\"MAAZ Cheese B.V.\",\"url\":\"https:\/\/maazcheese.nl\/\",\"logo\":{\"@type\":\"ImageObject\",\"inLanguage\":\"de-DE\",\"@id\":\"https:\/\/maazcheese.nl\/#\/schema\/logo\/image\/\",\"url\":\"https:\/\/maazcheese.nl\/wp-content\/uploads\/2018\/09\/MAAZ-Cheese-LOGO-groot-website-1.png\",\"contentUrl\":\"https:\/\/maazcheese.nl\/wp-content\/uploads\/2018\/09\/MAAZ-Cheese-LOGO-groot-website-1.png\",\"width\":1200,\"height\":600,\"caption\":\"MAAZ Cheese B.V.\"},\"image\":{\"@id\":\"https:\/\/maazcheese.nl\/#\/schema\/logo\/image\/\"},\"sameAs\":[\"https:\/\/www.linkedin.com\/company\/maaz-cheese\/\"]}]}<\/script>\n<!-- \/ Yoast SEO plugin. -->","yoast_head_json":{"title":"Unser Wissen - MAAZ Cheese","robots":{"index":"index","follow":"follow","max-snippet":"max-snippet:-1","max-image-preview":"max-image-preview:large","max-video-preview":"max-video-preview:-1"},"canonical":"https:\/\/maazcheese.nl\/de\/unserwissen\/","og_locale":"de_DE","og_type":"article","og_title":"Unser Wissen - MAAZ Cheese","og_description":"[vc_row full_width=&#8220;stretch_row_content_no_spaces&#8220;][vc_column offset=&#8220;vc_hidden-lg vc_hidden-md vc_hidden-sm vc_hidden-xs&#8220;][\/vc_column][\/vc_row][vc_row full_width=&#8220;stretch_row_content_no_spaces&#8220;][vc_column][\/vc_column][\/vc_row][vc_row][vc_column][vc_empty_space height=&#8220;100px&#8220;][\/vc_column][\/vc_row][vc_row equal_height=&#8220;yes&#8220; content_placement=&#8220;top&#8220; el_id=&#8220;handelspartner&#8220;][vc_column width=&#8220;2\/3&#8243;][vc_column_text] HANDELSPARTNER MAAZ Cheese ist weltweit in 60 L\u00e4ndern aktiv. Die Vertriebsorganisation ist in Benedu und Export unterteilt. Die Exportaktivit\u00e4ten werden von Veldhuyzen Kaas \u00fcbernommen, das vollst\u00e4ndig in MAAZ Cheese integriert ist. Wir spezialisieren uns darauf, alle Marktsegmente zu [&hellip;]","og_url":"https:\/\/maazcheese.nl\/de\/unserwissen\/","og_site_name":"MAAZ Cheese","article_modified_time":"2024-03-14T08:24:21+00:00","twitter_card":"summary_large_image","twitter_misc":{"Gesch\u00e4tzte Lesezeit":"2 Minuten"},"schema":{"@context":"https:\/\/schema.org","@graph":[{"@type":"WebPage","@id":"https:\/\/maazcheese.nl\/de\/unserwissen\/","url":"https:\/\/maazcheese.nl\/de\/unserwissen\/","name":"Unser Wissen - MAAZ Cheese","isPartOf":{"@id":"https:\/\/maazcheese.nl\/#website"},"datePublished":"2018-11-13T16:08:50+00:00","dateModified":"2024-03-14T08:24:21+00:00","breadcrumb":{"@id":"https:\/\/maazcheese.nl\/de\/unserwissen\/#breadcrumb"},"inLanguage":"de-DE","potentialAction":[{"@type":"ReadAction","target":["https:\/\/maazcheese.nl\/de\/unserwissen\/"]}]},{"@type":"BreadcrumbList","@id":"https:\/\/maazcheese.nl\/de\/unserwissen\/#breadcrumb","itemListElement":[{"@type":"ListItem","position":1,"name":"Home","item":"https:\/\/maazcheese.nl\/de\/"},{"@type":"ListItem","position":2,"name":"Unser Wissen"}]},{"@type":"WebSite","@id":"https:\/\/maazcheese.nl\/#website","url":"https:\/\/maazcheese.nl\/","name":"MAAZ Cheese","description":"from core to more","publisher":{"@id":"https:\/\/maazcheese.nl\/#organization"},"potentialAction":[{"@type":"SearchAction","target":{"@type":"EntryPoint","urlTemplate":"https:\/\/maazcheese.nl\/?s={search_term_string}"},"query-input":"required name=search_term_string"}],"inLanguage":"de-DE"},{"@type":"Organization","@id":"https:\/\/maazcheese.nl\/#organization","name":"MAAZ Cheese B.V.","url":"https:\/\/maazcheese.nl\/","logo":{"@type":"ImageObject","inLanguage":"de-DE","@id":"https:\/\/maazcheese.nl\/#\/schema\/logo\/image\/","url":"https:\/\/maazcheese.nl\/wp-content\/uploads\/2018\/09\/MAAZ-Cheese-LOGO-groot-website-1.png","contentUrl":"https:\/\/maazcheese.nl\/wp-content\/uploads\/2018\/09\/MAAZ-Cheese-LOGO-groot-website-1.png","width":1200,"height":600,"caption":"MAAZ Cheese B.V."},"image":{"@id":"https:\/\/maazcheese.nl\/#\/schema\/logo\/image\/"},"sameAs":["https:\/\/www.linkedin.com\/company\/maaz-cheese\/"]}]}},"_links":{"self":[{"href":"https:\/\/maazcheese.nl\/de\/wp-json\/wp\/v2\/pages\/1463"}],"collection":[{"href":"https:\/\/maazcheese.nl\/de\/wp-json\/wp\/v2\/pages"}],"about":[{"href":"https:\/\/maazcheese.nl\/de\/wp-json\/wp\/v2\/types\/page"}],"author":[{"embeddable":true,"href":"https:\/\/maazcheese.nl\/de\/wp-json\/wp\/v2\/users\/1"}],"replies":[{"embeddable":true,"href":"https:\/\/maazcheese.nl\/de\/wp-json\/wp\/v2\/comments?post=1463"}],"version-history":[{"count":12,"href":"https:\/\/maazcheese.nl\/de\/wp-json\/wp\/v2\/pages\/1463\/revisions"}],"predecessor-version":[{"id":4984,"href":"https:\/\/maazcheese.nl\/de\/wp-json\/wp\/v2\/pages\/1463\/revisions\/4984"}],"wp:attachment":[{"href":"https:\/\/maazcheese.nl\/de\/wp-json\/wp\/v2\/media?parent=1463"}],"curies":[{"name":"wp","href":"https:\/\/api.w.org\/{rel}","templated":true}]}}