{"id":1467,"date":"2018-11-13T16:07:44","date_gmt":"2018-11-13T16:07:44","guid":{"rendered":"http:\/\/maazcheese.nl\/deketen\/"},"modified":"2022-06-02T12:42:56","modified_gmt":"2022-06-02T12:42:56","slug":"diekette","status":"publish","type":"page","link":"https:\/\/maazcheese.nl\/de\/diekette\/","title":{"rendered":"Die Kette"},"content":{"rendered":"<p>[vc_row full_width=&#8220;stretch_row_content_no_spaces&#8220; parallax=&#8220;content-moving&#8220;][vc_column]\n\t\t\t<!-- START DieKette REVOLUTION SLIDER 6.5.9 --><p class=\"rs-p-wp-fix\"><\/p>\n\t\t\t<rs-module-wrap id=\"rev_slider_18_1_wrapper\" data-source=\"gallery\" style=\"visibility:hidden;background:transparent;padding:0;margin:0px auto;margin-top:0;margin-bottom:0;\">\n\t\t\t\t<rs-module id=\"rev_slider_18_1\" style=\"\" data-version=\"6.5.9\">\n\t\t\t\t\t<rs-slides>\n\t\t\t\t\t\t<rs-slide style=\"position: absolute;\" data-key=\"rs-52\" data-title=\"Slide\" data-in=\"o:0;\" data-out=\"a:false;\">\n\t\t\t\t\t\t\t<img src=\"\/\/maazcheese.nl\/wp-content\/plugins\/revslider\/public\/assets\/assets\/dummy.png\" title=\"Maaz_vrachtwagen\" width=\"2560\" height=\"1856\" class=\"rev-slidebg tp-rs-img rs-lazyload\" data-lazyload=\"\/\/maazcheese.nl\/wp-content\/uploads\/2024\/07\/Maaz_vrachtwagen-scaled.jpg\" data-parallax=\"off\" data-no-retina>\n<!--\n\t\t\t\t\t\t\t--><rs-layer\n\t\t\t\t\t\t\t\tid=\"slider-18-slide-52-layer-1\" \n\t\t\t\t\t\t\t\tclass=\"rs-selectable\"\n\t\t\t\t\t\t\t\tdata-type=\"text\"\n\t\t\t\t\t\t\t\tdata-rsp_ch=\"on\"\n\t\t\t\t\t\t\t\tdata-xy=\"x:c;y:m;yo:-65px;\"\n\t\t\t\t\t\t\t\tdata-text=\"s:58;l:22;ls:2px;fw:800;a:inherit;\"\n\t\t\t\t\t\t\t\tdata-frame_1=\"st:9.9432373046875;sR:9.9432373046875;\"\n\t\t\t\t\t\t\t\tdata-frame_999=\"o:0;st:8999.9996948242;sR:8690.0564575195;\"\n\t\t\t\t\t\t\t\tstyle=\"z-index:5;font-family:'Raleway';\"\n\t\t\t\t\t\t\t>WIR STREBEN IMMER NACH EINER  \n\t\t\t\t\t\t\t<\/rs-layer><!--\n\n\t\t\t\t\t\t\t--><rs-layer\n\t\t\t\t\t\t\t\tid=\"slider-18-slide-52-layer-2\" \n\t\t\t\t\t\t\t\tclass=\"rs-selectable\"\n\t\t\t\t\t\t\t\tdata-type=\"text\"\n\t\t\t\t\t\t\t\tdata-rsp_ch=\"on\"\n\t\t\t\t\t\t\t\tdata-xy=\"x:c;y:m;yo:70px;\"\n\t\t\t\t\t\t\t\tdata-text=\"s:25;l:22;a:inherit;\"\n\t\t\t\t\t\t\t\tdata-frame_1=\"st:9.9432373046875;sR:9.9432373046875;\"\n\t\t\t\t\t\t\t\tdata-frame_999=\"o:0;st:8999.9996948242;sR:8690.0564575195;\"\n\t\t\t\t\t\t\t\tstyle=\"z-index:6;font-family:'Raleway';\"\n\t\t\t\t\t\t\t>Maximale Geschwindigkeit, minimale Verschwendung und hohe Lieferverl\u00e4sslichkeit \n\t\t\t\t\t\t\t<\/rs-layer><!--\n\n\t\t\t\t\t\t\t--><rs-layer\n\t\t\t\t\t\t\t\tid=\"slider-18-slide-52-layer-5\" \n\t\t\t\t\t\t\t\tclass=\"rs-selectable\"\n\t\t\t\t\t\t\t\tdata-type=\"text\"\n\t\t\t\t\t\t\t\tdata-rsp_ch=\"on\"\n\t\t\t\t\t\t\t\tdata-xy=\"x:c;y:m;\"\n\t\t\t\t\t\t\t\tdata-text=\"s:58;l:22;ls:2px;fw:800;a:inherit;\"\n\t\t\t\t\t\t\t\tdata-frame_1=\"st:9.9432373046875;sR:9.9432373046875;\"\n\t\t\t\t\t\t\t\tdata-frame_999=\"o:0;st:8999.9996948242;sR:8690.0564575195;\"\n\t\t\t\t\t\t\t\tstyle=\"z-index:7;font-family:'Raleway';\"\n\t\t\t\t\t\t\t>M\u00d6GLICHST KURZEN KETTE \n\t\t\t\t\t\t\t<\/rs-layer><!--\n-->\t\t\t\t\t\t<\/rs-slide>\n\t\t\t\t\t\t<rs-slide style=\"position: absolute;\" data-key=\"rs-521\" data-title=\"Slide\" data-in=\"o:0;\" data-out=\"a:false;\">\n\t\t\t\t\t\t\t<img src=\"\/\/maazcheese.nl\/wp-content\/plugins\/revslider\/public\/assets\/assets\/dummy.png\" title=\"Maaz_vrachtwagen\" width=\"2560\" height=\"1856\" class=\"rev-slidebg tp-rs-img rs-lazyload\" data-lazyload=\"\/\/maazcheese.nl\/wp-content\/uploads\/2024\/07\/Maaz_vrachtwagen-scaled.jpg\" data-parallax=\"off\" data-no-retina>\n<!--\n\t\t\t\t\t\t\t--><rs-layer\n\t\t\t\t\t\t\t\tid=\"slider-18-slide-521-layer-1\" \n\t\t\t\t\t\t\t\tclass=\"rs-selectable\"\n\t\t\t\t\t\t\t\tdata-type=\"text\"\n\t\t\t\t\t\t\t\tdata-rsp_ch=\"on\"\n\t\t\t\t\t\t\t\tdata-xy=\"x:c;y:m;yo:-65px;\"\n\t\t\t\t\t\t\t\tdata-text=\"s:58;l:22;ls:2px;fw:800;a:inherit;\"\n\t\t\t\t\t\t\t\tdata-frame_1=\"st:9.9432373046875;sR:9.9432373046875;\"\n\t\t\t\t\t\t\t\tdata-frame_999=\"o:0;st:8999.9996948242;sR:8690.0564575195;\"\n\t\t\t\t\t\t\t\tstyle=\"z-index:5;font-family:'Raleway';\"\n\t\t\t\t\t\t\t>WIR STREBEN IMMER NACH EINER  \n\t\t\t\t\t\t\t<\/rs-layer><!--\n\n\t\t\t\t\t\t\t--><rs-layer\n\t\t\t\t\t\t\t\tid=\"slider-18-slide-521-layer-2\" \n\t\t\t\t\t\t\t\tclass=\"rs-selectable\"\n\t\t\t\t\t\t\t\tdata-type=\"text\"\n\t\t\t\t\t\t\t\tdata-rsp_ch=\"on\"\n\t\t\t\t\t\t\t\tdata-xy=\"x:c;y:m;yo:70px;\"\n\t\t\t\t\t\t\t\tdata-text=\"s:25;l:22;a:inherit;\"\n\t\t\t\t\t\t\t\tdata-frame_1=\"st:9.9432373046875;sR:9.9432373046875;\"\n\t\t\t\t\t\t\t\tdata-frame_999=\"o:0;st:8999.9996948242;sR:8690.0564575195;\"\n\t\t\t\t\t\t\t\tstyle=\"z-index:6;font-family:'Raleway';\"\n\t\t\t\t\t\t\t>Maximale Geschwindigkeit, minimale Verschwendung und hohe Lieferverl\u00e4sslichkeit \n\t\t\t\t\t\t\t<\/rs-layer><!--\n\n\t\t\t\t\t\t\t--><rs-layer\n\t\t\t\t\t\t\t\tid=\"slider-18-slide-521-layer-5\" \n\t\t\t\t\t\t\t\tclass=\"rs-selectable\"\n\t\t\t\t\t\t\t\tdata-type=\"text\"\n\t\t\t\t\t\t\t\tdata-rsp_ch=\"on\"\n\t\t\t\t\t\t\t\tdata-xy=\"x:c;y:m;\"\n\t\t\t\t\t\t\t\tdata-text=\"s:58;l:22;ls:2px;fw:800;a:inherit;\"\n\t\t\t\t\t\t\t\tdata-frame_1=\"st:9.9432373046875;sR:9.9432373046875;\"\n\t\t\t\t\t\t\t\tdata-frame_999=\"o:0;st:8999.9996948242;sR:8690.0564575195;\"\n\t\t\t\t\t\t\t\tstyle=\"z-index:7;font-family:'Raleway';\"\n\t\t\t\t\t\t\t>M\u00d6GLICHST KURZEN KETTE \n\t\t\t\t\t\t\t<\/rs-layer><!--\n-->\t\t\t\t\t\t<\/rs-slide>\n\t\t\t\t\t<\/rs-slides>\n\t\t\t\t<\/rs-module>\n\t\t\t\t<script type=\"text\/javascript\">\n\t\t\t\t\tsetREVStartSize({c: 'rev_slider_18_1',rl:[1240,1024,1024,480],el:[700,620,620,600],gw:[1240,1024,1024,480],gh:[700,620,620,600],type:'standard',justify:'',layout:'fullwidth',mh:\"0\"});if (window.RS_MODULES!==undefined && window.RS_MODULES.modules!==undefined && window.RS_MODULES.modules[\"revslider181\"]!==undefined) {window.RS_MODULES.modules[\"revslider181\"].once = false;window.revapi18 = undefined;if (window.RS_MODULES.checkMinimal!==undefined) window.RS_MODULES.checkMinimal()}\n\t\t\t\t<\/script>\n\t\t\t<\/rs-module-wrap>\n\t\t\t<!-- END REVOLUTION SLIDER -->\n[\/vc_column][\/vc_row][vc_row content_placement=&#8220;middle&#8220; css=&#8220;.vc_custom_1558442386741{margin-top: 80px !important;}&#8220; el_id=&#8220;sourcing&#8220;][vc_column][vc_row_inner equal_height=&#8220;yes&#8220; content_placement=&#8220;top&#8220; gap=&#8220;30&#8243; css=&#8220;.vc_custom_1554379735865{padding-top: 35px !important;padding-bottom: 35px !important;}&#8220;][vc_column_inner width=&#8220;1\/2&#8243; css=&#8220;.vc_custom_1554379907106{background-color: #f7f7f7 !important;}&#8220;][vc_column_text css=&#8220;.vc_custom_1569486183454{padding-top: 30px !important;padding-right: 30px !important;padding-bottom: 30px !important;padding-left: 30px !important;}&#8220;]<\/p>\n<h4><strong>DIE KETTE<\/strong><\/h4>\n<p>MAAZ Cheese strebt immer nach einer m\u00f6glichst kurzen Kette, um unn\u00f6tige Kettenkosten zu vermeiden und schnell auf Ver\u00e4nderungen von Angebot und Nachfrage reagieren zu k\u00f6nnen. Zu diesem Zweck wurde Mitte 2019 in Bodegraven ein hochmodernes Distributionszentrum errichtet, in dem auch das Schneiden und Reiben von K\u00e4se nach dem neuesten Stand der Technik im eigenen Haus erfolgt.[\/vc_column_text][\/vc_column_inner][vc_column_inner width=&#8220;1\/2&#8243; css=&#8220;.vc_custom_1554379940834{background-color: #f7f7f7 !important;}&#8220;][vc_column_text css=&#8220;.vc_custom_1654173768070{padding-top: 30px !important;padding-right: 30px !important;padding-bottom: 30px !important;padding-left: 30px !important;}&#8220;]<\/p>\n<h4><strong>BESCHAFFUNG<\/strong><\/h4>\n<p>Mehr als 170 f\u00fchrende K\u00e4se- und Milchproduzenten aus dem In- und Ausland liefern t\u00e4glich direkt aus der Fabrik in Bodegraven. K\u00e4sebauernh\u00f6fe in der Region bereiten in Zusammenarbeit mit MAAZ Cheese lokale Spezialit\u00e4ten zu. Wir sind st\u00e4ndig auf der Suche nach neuen Trends und Innovationen auf Produkt- und Konzeptebene.[\/vc_column_text][\/vc_column_inner][\/vc_row_inner][\/vc_column][\/vc_row][vc_row content_placement=&#8220;middle&#8220; css=&#8220;.vc_custom_1631174894476{background-image: url(https:\/\/maazcheese.nl\/wp-content\/uploads\/2020\/07\/Papierachtergrond_MAAZCheese.png?id=2338) !important;background-position: center !important;background-repeat: no-repeat !important;background-size: cover !important;}&#8220;][vc_column][vc_row_inner][vc_column_inner][vc_single_image image=&#8220;3101&#8243; alignment=&#8220;center&#8220;][\/vc_column_inner][\/vc_row_inner][\/vc_column][\/vc_row][vc_row parallax=&#8220;content-moving-fade&#8220; css=&#8220;.vc_custom_1567413914532{margin-top: 50px !important;background-image: url(http:\/\/maazcheese.nl\/wp-content\/uploads\/2019\/09\/MAAZ-afbeelding_distributiecentrum-v21800x1000.png?id=1371) !important;}&#8220;][vc_column][vc_row_inner content_placement=&#8220;middle&#8220; css=&#8220;.vc_custom_1566806204320{margin-top: 30px !important;margin-bottom: 30px !important;padding-top: 55px !important;padding-bottom: 55px !important;}&#8220;][vc_column_inner width=&#8220;1\/6&#8243;][\/vc_column_inner][vc_column_inner width=&#8220;2\/3&#8243;][vc_column_text]<\/p>\n<h2><span style=\"color: #ffffff;\">\u201eWIR SUCHEN IMMER NACH NEUEN TRENDS UND INNOVATIONEN AUF PRODUKT- UND KONZEPTEBENE.\u201c<\/span><\/h2>\n<p>[\/vc_column_text][\/vc_column_inner][vc_column_inner width=&#8220;1\/6&#8243;][\/vc_column_inner][\/vc_row_inner][\/vc_column][\/vc_row][vc_row content_placement=&#8220;middle&#8220; css=&#8220;.vc_custom_1554287398176{margin-top: 80px !important;}&#8220;][vc_column][vc_row_inner equal_height=&#8220;yes&#8220; content_placement=&#8220;top&#8220; gap=&#8220;30&#8243; css=&#8220;.vc_custom_1558442401071{padding-top: 35px !important;}&#8220; el_id=&#8220;logistiek&#8220;][vc_column_inner width=&#8220;1\/2&#8243; css=&#8220;.vc_custom_1554380741939{background-color: #f7f7f7 !important;}&#8220;][vc_column_text css=&#8220;.vc_custom_1569486192962{padding-top: 30px !important;padding-right: 30px !important;padding-bottom: 30px !important;padding-left: 30px !important;}&#8220;]<\/p>\n<h4><strong>LOGISTIK &amp; VERTRIEB<\/strong><\/h4>\n<p>Der interne Warenfluss wird mit einem intelligenten Informationssystem streng kontrolliert, wodurch maximale Geschwindigkeit, minimale Verschwendung und hohe Lieferverl\u00e4sslichkeit erreicht werden. Der Vertrieb in BENELUX erfolgt mit dem eigenem Fuhrpark durch eigene Fahrer und au\u00dferhalb von BENELUX durch zuverl\u00e4ssige Vertriebspartner.[\/vc_column_text][\/vc_column_inner][vc_column_inner width=&#8220;1\/2&#8243; css=&#8220;.vc_custom_1554380749679{background-color: #f7f7f7 !important;}&#8220;][vc_single_image image=&#8220;3111&#8243; alignment=&#8220;center&#8220;][\/vc_column_inner][\/vc_row_inner][vc_row_inner equal_height=&#8220;yes&#8220; content_placement=&#8220;middle&#8220; gap=&#8220;30&#8243; css=&#8220;.vc_custom_1558442407517{padding-bottom: 35px !important;}&#8220; el_id=&#8220;bestellen&#8220;][vc_column_inner width=&#8220;1\/2&#8243; css=&#8220;.vc_custom_1554380749679{background-color: #f7f7f7 !important;}&#8220;][vc_column_text css=&#8220;.vc_custom_1569486205596{padding-top: 30px !important;padding-right: 30px !important;padding-bottom: 30px !important;padding-left: 30px !important;}&#8220;]<\/p>\n<h4><strong>BESTELLEN<\/strong><\/h4>\n<p>Zus\u00e4tzlich zu den regul\u00e4ren Bestellmethoden wie EDI k\u00f6nnen Bestellungen in K\u00fcrze auch \u00fcber unser Online-Bestellportal aufgegeben werden. In dieser benutzerfreundlichen und effizienten Online-Umgebung stehen umfassende Informationen zu Produkt und Logistik zur Verf\u00fcgung.<\/p>\n<p>\u00dcber importeerkaasenmeer.nl k\u00f6nnen Sie ganz einfach eine Auswahl exklusiver Spezialit\u00e4ten bestellen. Eine Online-Umgebung, die inspiriert und in der Sie Ihr einzigartiges Sortiment zusammenstellen k\u00f6nnen.<\/p>\n<p><a href=\"http:\/\/maazcheese.nl\/de\/bestellen\/\" class=\"btn btn-style-default btn-accent\" target=\"_self\">BESTELLEN<\/a>[\/vc_column_text][\/vc_column_inner][vc_column_inner width=&#8220;1\/2&#8243; css=&#8220;.vc_custom_1554380741939{background-color: #f7f7f7 !important;}&#8220;][vc_single_image image=&#8220;2028&#8243; img_size=&#8220;medium&#8220; alignment=&#8220;center&#8220; onclick=&#8220;custom_link&#8220; link=&#8220;http:\/\/www.importeerkaasenmeer.nl\/&#8220;][\/vc_column_inner][\/vc_row_inner][\/vc_column][\/vc_row]<\/p>\n","protected":false},"excerpt":{"rendered":"<p>[vc_row full_width=&#8220;stretch_row_content_no_spaces&#8220; parallax=&#8220;content-moving&#8220;][vc_column][\/vc_column][\/vc_row][vc_row content_placement=&#8220;middle&#8220; css=&#8220;.vc_custom_1558442386741{margin-top: 80px !important;}&#8220; el_id=&#8220;sourcing&#8220;][vc_column][vc_row_inner equal_height=&#8220;yes&#8220; content_placement=&#8220;top&#8220; gap=&#8220;30&#8243; css=&#8220;.vc_custom_1554379735865{padding-top: 35px !important;padding-bottom: 35px !important;}&#8220;][vc_column_inner width=&#8220;1\/2&#8243; css=&#8220;.vc_custom_1554379907106{background-color: #f7f7f7 !important;}&#8220;][vc_column_text css=&#8220;.vc_custom_1569486183454{padding-top: 30px !important;padding-right: 30px !important;padding-bottom: 30px !important;padding-left: 30px !important;}&#8220;] DIE KETTE MAAZ Cheese strebt immer nach einer m\u00f6glichst kurzen Kette, um unn\u00f6tige Kettenkosten zu vermeiden und schnell auf Ver\u00e4nderungen von [&hellip;]<\/p>\n","protected":false},"author":1,"featured_media":0,"parent":0,"menu_order":0,"comment_status":"closed","ping_status":"closed","template":"","meta":{"_exactmetrics_skip_tracking":false,"_exactmetrics_sitenote_active":false,"_exactmetrics_sitenote_note":"","_exactmetrics_sitenote_category":0},"yoast_head":"<!-- This site is optimized with the Yoast SEO plugin v20.6 - https:\/\/yoast.com\/wordpress\/plugins\/seo\/ -->\n<title>Die Kette - MAAZ Cheese<\/title>\n<meta name=\"robots\" content=\"index, follow, max-snippet:-1, max-image-preview:large, max-video-preview:-1\" \/>\n<link rel=\"canonical\" href=\"https:\/\/maazcheese.nl\/de\/diekette\/\" \/>\n<meta property=\"og:locale\" content=\"de_DE\" \/>\n<meta property=\"og:type\" content=\"article\" \/>\n<meta property=\"og:title\" content=\"Die Kette - MAAZ Cheese\" \/>\n<meta property=\"og:description\" content=\"[vc_row full_width=&#8220;stretch_row_content_no_spaces&#8220; parallax=&#8220;content-moving&#8220;][vc_column][\/vc_column][\/vc_row][vc_row content_placement=&#8220;middle&#8220; css=&#8220;.vc_custom_1558442386741{margin-top: 80px !important;}&#8220; el_id=&#8220;sourcing&#8220;][vc_column][vc_row_inner equal_height=&#8220;yes&#8220; content_placement=&#8220;top&#8220; gap=&#8220;30&#8243; css=&#8220;.vc_custom_1554379735865{padding-top: 35px !important;padding-bottom: 35px !important;}&#8220;][vc_column_inner width=&#8220;1\/2&#8243; css=&#8220;.vc_custom_1554379907106{background-color: #f7f7f7 !important;}&#8220;][vc_column_text css=&#8220;.vc_custom_1569486183454{padding-top: 30px !important;padding-right: 30px !important;padding-bottom: 30px !important;padding-left: 30px !important;}&#8220;] DIE KETTE MAAZ Cheese strebt immer nach einer m\u00f6glichst kurzen Kette, um unn\u00f6tige Kettenkosten zu vermeiden und schnell auf Ver\u00e4nderungen von [&hellip;]\" \/>\n<meta property=\"og:url\" content=\"https:\/\/maazcheese.nl\/de\/diekette\/\" \/>\n<meta property=\"og:site_name\" content=\"MAAZ Cheese\" \/>\n<meta property=\"article:modified_time\" content=\"2022-06-02T12:42:56+00:00\" \/>\n<meta name=\"twitter:card\" content=\"summary_large_image\" \/>\n<meta name=\"twitter:label1\" content=\"Gesch\u00e4tzte Lesezeit\" \/>\n\t<meta name=\"twitter:data1\" content=\"2 Minuten\" \/>\n<script type=\"application\/ld+json\" class=\"yoast-schema-graph\">{\"@context\":\"https:\/\/schema.org\",\"@graph\":[{\"@type\":\"WebPage\",\"@id\":\"https:\/\/maazcheese.nl\/de\/diekette\/\",\"url\":\"https:\/\/maazcheese.nl\/de\/diekette\/\",\"name\":\"Die Kette - MAAZ Cheese\",\"isPartOf\":{\"@id\":\"https:\/\/maazcheese.nl\/#website\"},\"datePublished\":\"2018-11-13T16:07:44+00:00\",\"dateModified\":\"2022-06-02T12:42:56+00:00\",\"breadcrumb\":{\"@id\":\"https:\/\/maazcheese.nl\/de\/diekette\/#breadcrumb\"},\"inLanguage\":\"de-DE\",\"potentialAction\":[{\"@type\":\"ReadAction\",\"target\":[\"https:\/\/maazcheese.nl\/de\/diekette\/\"]}]},{\"@type\":\"BreadcrumbList\",\"@id\":\"https:\/\/maazcheese.nl\/de\/diekette\/#breadcrumb\",\"itemListElement\":[{\"@type\":\"ListItem\",\"position\":1,\"name\":\"Home\",\"item\":\"https:\/\/maazcheese.nl\/de\/\"},{\"@type\":\"ListItem\",\"position\":2,\"name\":\"Die Kette\"}]},{\"@type\":\"WebSite\",\"@id\":\"https:\/\/maazcheese.nl\/#website\",\"url\":\"https:\/\/maazcheese.nl\/\",\"name\":\"MAAZ Cheese\",\"description\":\"from core to more\",\"publisher\":{\"@id\":\"https:\/\/maazcheese.nl\/#organization\"},\"potentialAction\":[{\"@type\":\"SearchAction\",\"target\":{\"@type\":\"EntryPoint\",\"urlTemplate\":\"https:\/\/maazcheese.nl\/?s={search_term_string}\"},\"query-input\":\"required name=search_term_string\"}],\"inLanguage\":\"de-DE\"},{\"@type\":\"Organization\",\"@id\":\"https:\/\/maazcheese.nl\/#organization\",\"name\":\"MAAZ Cheese B.V.\",\"url\":\"https:\/\/maazcheese.nl\/\",\"logo\":{\"@type\":\"ImageObject\",\"inLanguage\":\"de-DE\",\"@id\":\"https:\/\/maazcheese.nl\/#\/schema\/logo\/image\/\",\"url\":\"https:\/\/maazcheese.nl\/wp-content\/uploads\/2018\/09\/MAAZ-Cheese-LOGO-groot-website-1.png\",\"contentUrl\":\"https:\/\/maazcheese.nl\/wp-content\/uploads\/2018\/09\/MAAZ-Cheese-LOGO-groot-website-1.png\",\"width\":1200,\"height\":600,\"caption\":\"MAAZ Cheese B.V.\"},\"image\":{\"@id\":\"https:\/\/maazcheese.nl\/#\/schema\/logo\/image\/\"},\"sameAs\":[\"https:\/\/www.linkedin.com\/company\/maaz-cheese\/\"]}]}<\/script>\n<!-- \/ Yoast SEO plugin. -->","yoast_head_json":{"title":"Die Kette - MAAZ Cheese","robots":{"index":"index","follow":"follow","max-snippet":"max-snippet:-1","max-image-preview":"max-image-preview:large","max-video-preview":"max-video-preview:-1"},"canonical":"https:\/\/maazcheese.nl\/de\/diekette\/","og_locale":"de_DE","og_type":"article","og_title":"Die Kette - MAAZ Cheese","og_description":"[vc_row full_width=&#8220;stretch_row_content_no_spaces&#8220; parallax=&#8220;content-moving&#8220;][vc_column][\/vc_column][\/vc_row][vc_row content_placement=&#8220;middle&#8220; css=&#8220;.vc_custom_1558442386741{margin-top: 80px !important;}&#8220; el_id=&#8220;sourcing&#8220;][vc_column][vc_row_inner equal_height=&#8220;yes&#8220; content_placement=&#8220;top&#8220; gap=&#8220;30&#8243; css=&#8220;.vc_custom_1554379735865{padding-top: 35px !important;padding-bottom: 35px !important;}&#8220;][vc_column_inner width=&#8220;1\/2&#8243; css=&#8220;.vc_custom_1554379907106{background-color: #f7f7f7 !important;}&#8220;][vc_column_text css=&#8220;.vc_custom_1569486183454{padding-top: 30px !important;padding-right: 30px !important;padding-bottom: 30px !important;padding-left: 30px !important;}&#8220;] DIE KETTE MAAZ Cheese strebt immer nach einer m\u00f6glichst kurzen Kette, um unn\u00f6tige Kettenkosten zu vermeiden und schnell auf Ver\u00e4nderungen von [&hellip;]","og_url":"https:\/\/maazcheese.nl\/de\/diekette\/","og_site_name":"MAAZ Cheese","article_modified_time":"2022-06-02T12:42:56+00:00","twitter_card":"summary_large_image","twitter_misc":{"Gesch\u00e4tzte Lesezeit":"2 Minuten"},"schema":{"@context":"https:\/\/schema.org","@graph":[{"@type":"WebPage","@id":"https:\/\/maazcheese.nl\/de\/diekette\/","url":"https:\/\/maazcheese.nl\/de\/diekette\/","name":"Die Kette - MAAZ Cheese","isPartOf":{"@id":"https:\/\/maazcheese.nl\/#website"},"datePublished":"2018-11-13T16:07:44+00:00","dateModified":"2022-06-02T12:42:56+00:00","breadcrumb":{"@id":"https:\/\/maazcheese.nl\/de\/diekette\/#breadcrumb"},"inLanguage":"de-DE","potentialAction":[{"@type":"ReadAction","target":["https:\/\/maazcheese.nl\/de\/diekette\/"]}]},{"@type":"BreadcrumbList","@id":"https:\/\/maazcheese.nl\/de\/diekette\/#breadcrumb","itemListElement":[{"@type":"ListItem","position":1,"name":"Home","item":"https:\/\/maazcheese.nl\/de\/"},{"@type":"ListItem","position":2,"name":"Die Kette"}]},{"@type":"WebSite","@id":"https:\/\/maazcheese.nl\/#website","url":"https:\/\/maazcheese.nl\/","name":"MAAZ Cheese","description":"from core to more","publisher":{"@id":"https:\/\/maazcheese.nl\/#organization"},"potentialAction":[{"@type":"SearchAction","target":{"@type":"EntryPoint","urlTemplate":"https:\/\/maazcheese.nl\/?s={search_term_string}"},"query-input":"required name=search_term_string"}],"inLanguage":"de-DE"},{"@type":"Organization","@id":"https:\/\/maazcheese.nl\/#organization","name":"MAAZ Cheese B.V.","url":"https:\/\/maazcheese.nl\/","logo":{"@type":"ImageObject","inLanguage":"de-DE","@id":"https:\/\/maazcheese.nl\/#\/schema\/logo\/image\/","url":"https:\/\/maazcheese.nl\/wp-content\/uploads\/2018\/09\/MAAZ-Cheese-LOGO-groot-website-1.png","contentUrl":"https:\/\/maazcheese.nl\/wp-content\/uploads\/2018\/09\/MAAZ-Cheese-LOGO-groot-website-1.png","width":1200,"height":600,"caption":"MAAZ Cheese B.V."},"image":{"@id":"https:\/\/maazcheese.nl\/#\/schema\/logo\/image\/"},"sameAs":["https:\/\/www.linkedin.com\/company\/maaz-cheese\/"]}]}},"_links":{"self":[{"href":"https:\/\/maazcheese.nl\/de\/wp-json\/wp\/v2\/pages\/1467"}],"collection":[{"href":"https:\/\/maazcheese.nl\/de\/wp-json\/wp\/v2\/pages"}],"about":[{"href":"https:\/\/maazcheese.nl\/de\/wp-json\/wp\/v2\/types\/page"}],"author":[{"embeddable":true,"href":"https:\/\/maazcheese.nl\/de\/wp-json\/wp\/v2\/users\/1"}],"replies":[{"embeddable":true,"href":"https:\/\/maazcheese.nl\/de\/wp-json\/wp\/v2\/comments?post=1467"}],"version-history":[{"count":8,"href":"https:\/\/maazcheese.nl\/de\/wp-json\/wp\/v2\/pages\/1467\/revisions"}],"predecessor-version":[{"id":3513,"href":"https:\/\/maazcheese.nl\/de\/wp-json\/wp\/v2\/pages\/1467\/revisions\/3513"}],"wp:attachment":[{"href":"https:\/\/maazcheese.nl\/de\/wp-json\/wp\/v2\/media?parent=1467"}],"curies":[{"name":"wp","href":"https:\/\/api.w.org\/{rel}","templated":true}]}}