{"id":1476,"date":"2018-11-13T16:09:04","date_gmt":"2018-11-13T16:09:04","guid":{"rendered":"http:\/\/maazcheese.nl\/kwaliteitsnormering\/"},"modified":"2026-04-02T12:16:17","modified_gmt":"2026-04-02T12:16:17","slug":"kwaliteitsnormering","status":"publish","type":"page","link":"https:\/\/maazcheese.nl\/de\/kwaliteitsnormering\/","title":{"rendered":"Qualit\u00e4t und CSR"},"content":{"rendered":"<p>[vc_row full_width=&#8220;stretch_row_content_no_spaces&#8220;][vc_column]\n\t\t\t<!-- START QUALIT\u00c4T REVOLUTION SLIDER 6.5.9 --><p class=\"rs-p-wp-fix\"><\/p>\n\t\t\t<rs-module-wrap id=\"rev_slider_22_1_wrapper\" data-source=\"gallery\" style=\"visibility:hidden;background:transparent;padding:0;margin:0px auto;margin-top:0;margin-bottom:0;\">\n\t\t\t\t<rs-module id=\"rev_slider_22_1\" style=\"\" data-version=\"6.5.9\">\n\t\t\t\t\t<rs-slides>\n\t\t\t\t\t\t<rs-slide style=\"position: absolute;\" data-key=\"rs-56\" data-title=\"Slide\" data-anim=\"ms:600;\" data-in=\"o:0;\" data-out=\"a:false;\">\n\t\t\t\t\t\t\t<img src=\"\/\/maazcheese.nl\/wp-content\/plugins\/revslider\/public\/assets\/assets\/dummy.png\" title=\"Qualit\u00e4t und CSR\" class=\"rev-slidebg tp-rs-img rs-lazyload\" data-lazyload=\"\/\/maazcheese.nl\/wp-content\/uploads\/2018\/11\/MAAZ-afbeelding_keurmerk1800x1000.jpg\" data-parallax=\"off\" data-no-retina>\n<!--\n\t\t\t\t\t\t\t--><rs-layer\n\t\t\t\t\t\t\t\tid=\"slider-22-slide-56-layer-2\" \n\t\t\t\t\t\t\t\tclass=\"rs-selectable\"\n\t\t\t\t\t\t\t\tdata-type=\"text\"\n\t\t\t\t\t\t\t\tdata-rsp_ch=\"on\"\n\t\t\t\t\t\t\t\tdata-xy=\"x:c;y:m;yo:71px;\"\n\t\t\t\t\t\t\t\tdata-text=\"s:25;l:22;a:inherit;\"\n\t\t\t\t\t\t\t\tdata-frame_0=\"tp:600;\"\n\t\t\t\t\t\t\t\tdata-frame_1=\"tp:600;st:9.9432373046875;sR:9.9432373046875;\"\n\t\t\t\t\t\t\t\tdata-frame_999=\"o:0;tp:600;st:w;sR:8690.0564575195;\"\n\t\t\t\t\t\t\t\tstyle=\"z-index:6;font-family:'Raleway';\"\n\t\t\t\t\t\t\t>So erzielen wir die besten Ergebnisse \n\t\t\t\t\t\t\t<\/rs-layer><!--\n\n\t\t\t\t\t\t\t--><rs-layer\n\t\t\t\t\t\t\t\tid=\"slider-22-slide-56-layer-3\" \n\t\t\t\t\t\t\t\tclass=\"rs-selectable\"\n\t\t\t\t\t\t\t\tdata-type=\"text\"\n\t\t\t\t\t\t\t\tdata-rsp_ch=\"on\"\n\t\t\t\t\t\t\t\tdata-xy=\"x:c;y:m;\"\n\t\t\t\t\t\t\t\tdata-text=\"s:58;l:22;ls:2px;fw:800;a:inherit;\"\n\t\t\t\t\t\t\t\tdata-frame_0=\"tp:600;\"\n\t\t\t\t\t\t\t\tdata-frame_1=\"tp:600;st:9.9432373046875;sR:9.9432373046875;\"\n\t\t\t\t\t\t\t\tdata-frame_999=\"o:0;tp:600;st:w;sR:8690.0564575195;\"\n\t\t\t\t\t\t\t\tstyle=\"z-index:7;font-family:'Raleway';\"\n\t\t\t\t\t\t\t>QUALIT\u00c4T STEHT IM MITTELPUNKT \n\t\t\t\t\t\t\t<\/rs-layer><!--\n-->\t\t\t\t\t\t<\/rs-slide>\n\t\t\t\t\t\t<rs-slide style=\"position: absolute;\" data-key=\"rs-561\" data-title=\"Slide\" data-anim=\"ms:600;\" data-in=\"o:0;\" data-out=\"a:false;\">\n\t\t\t\t\t\t\t<img src=\"\/\/maazcheese.nl\/wp-content\/plugins\/revslider\/public\/assets\/assets\/dummy.png\" title=\"Qualit\u00e4t und CSR\" class=\"rev-slidebg tp-rs-img rs-lazyload\" data-lazyload=\"\/\/maazcheese.nl\/wp-content\/uploads\/2018\/11\/MAAZ-afbeelding_keurmerk1800x1000.jpg\" data-parallax=\"off\" data-no-retina>\n<!--\n\t\t\t\t\t\t\t--><rs-layer\n\t\t\t\t\t\t\t\tid=\"slider-22-slide-561-layer-2\" \n\t\t\t\t\t\t\t\tclass=\"rs-selectable\"\n\t\t\t\t\t\t\t\tdata-type=\"text\"\n\t\t\t\t\t\t\t\tdata-rsp_ch=\"on\"\n\t\t\t\t\t\t\t\tdata-xy=\"x:c;y:m;yo:71px;\"\n\t\t\t\t\t\t\t\tdata-text=\"s:25;l:22;a:inherit;\"\n\t\t\t\t\t\t\t\tdata-frame_0=\"tp:600;\"\n\t\t\t\t\t\t\t\tdata-frame_1=\"tp:600;st:9.9432373046875;sR:9.9432373046875;\"\n\t\t\t\t\t\t\t\tdata-frame_999=\"o:0;tp:600;st:w;sR:8690.0564575195;\"\n\t\t\t\t\t\t\t\tstyle=\"z-index:6;font-family:'Raleway';\"\n\t\t\t\t\t\t\t>So erzielen wir die besten Ergebnisse \n\t\t\t\t\t\t\t<\/rs-layer><!--\n\n\t\t\t\t\t\t\t--><rs-layer\n\t\t\t\t\t\t\t\tid=\"slider-22-slide-561-layer-3\" \n\t\t\t\t\t\t\t\tclass=\"rs-selectable\"\n\t\t\t\t\t\t\t\tdata-type=\"text\"\n\t\t\t\t\t\t\t\tdata-rsp_ch=\"on\"\n\t\t\t\t\t\t\t\tdata-xy=\"x:c;y:m;\"\n\t\t\t\t\t\t\t\tdata-text=\"s:58;l:22;ls:2px;fw:800;a:inherit;\"\n\t\t\t\t\t\t\t\tdata-frame_0=\"tp:600;\"\n\t\t\t\t\t\t\t\tdata-frame_1=\"tp:600;st:9.9432373046875;sR:9.9432373046875;\"\n\t\t\t\t\t\t\t\tdata-frame_999=\"o:0;tp:600;st:w;sR:8690.0564575195;\"\n\t\t\t\t\t\t\t\tstyle=\"z-index:7;font-family:'Raleway';\"\n\t\t\t\t\t\t\t>QUALIT\u00c4T STEHT IM MITTELPUNKT \n\t\t\t\t\t\t\t<\/rs-layer><!--\n-->\t\t\t\t\t\t<\/rs-slide>\n\t\t\t\t\t<\/rs-slides>\n\t\t\t\t<\/rs-module>\n\t\t\t\t<script type=\"text\/javascript\">\n\t\t\t\t\tsetREVStartSize({c: 'rev_slider_22_1',rl:[1240,1024,1024,480],el:[],gw:[1240,1024,1024,480],gh:[700,620,620,600],type:'standard',justify:'',layout:'fullwidth',mh:\"0\"});if (window.RS_MODULES!==undefined && window.RS_MODULES.modules!==undefined && window.RS_MODULES.modules[\"revslider221\"]!==undefined) {window.RS_MODULES.modules[\"revslider221\"].once = false;window.revapi22 = undefined;if (window.RS_MODULES.checkMinimal!==undefined) window.RS_MODULES.checkMinimal()}\n\t\t\t\t<\/script>\n\t\t\t<\/rs-module-wrap>\n\t\t\t<!-- END REVOLUTION SLIDER -->\n[\/vc_column][\/vc_row][vc_row content_placement=&#8220;middle&#8220;][vc_column][vc_row_inner equal_height=&#8220;yes&#8220; content_placement=&#8220;top&#8220; gap=&#8220;30&#8243; css=&#8220;.vc_custom_1678349064828{margin-top: 20px !important;margin-bottom: 20px !important;}&#8220; el_id=&#8220;zertifikate&#8220;][vc_column_inner width=&#8220;1\/2&#8243; css=&#8220;.vc_custom_1558431827566{background-color: #f7f7f7 !important;}&#8220;][vc_column_text css=&#8220;.vc_custom_1775132173476{padding-top: 30px !important;padding-right: 30px !important;padding-bottom: 30px !important;padding-left: 30px !important;}&#8220;]<\/p>\n<h4><strong>QUALIT\u00c4T<\/strong><\/h4>\n<p>Qualit\u00e4tssicherung und -\u00fcberwachung sowie deren kontinuierliche Verbesserung stehen ganz oben auf der Agenda. MAAZ Cheese arbeitet nach hohen Qualit\u00e4tsstandards und stellt hohe Anforderungen an Lebensmittelsicherheit, Hygiene und Qualit\u00e4t.<\/p>\n<p>Unser Standort erf\u00fcllt folgende Qualit\u00e4tszertifizierungen:<\/p>\n<ul>\n<li>IFS Food<\/li>\n<li>IFS Logistics<\/li>\n<li>Weidegang<\/li>\n<li>Bio<\/li>\n<li>Beter Leven<\/li>\n<\/ul>\n<p>Laden Sie<a href=\"http:\/\/maazcheese.nl\/wp-content\/uploads\/2026\/04\/260402_certificaten-MAAZ.pdf\" target=\"_blank\" rel=\"noopener noreferrer\"><strong> <u>hier<\/u><\/strong><\/a> unsere Zertifikate herunter.[\/vc_column_text][vc_separator color=&#8220;custom&#8220; accent_color=&#8220;rgba(255,255,255,0.01)&#8220; el_id=&#8220;allergenliste&#8220;][vc_column_text css=&#8220;.vc_custom_1678374957212{padding-top: 30px !important;padding-right: 30px !important;padding-bottom: 30px !important;padding-left: 30px !important;}&#8220;]<\/p>\n<h4>ALLERGENLISTE<\/h4>\n<p>Haben Sie Fragen zu den Inhaltsstoffen oder Allergenen unserer Produkte? Senden Sie Ihre Frage an <a href=\"mailto:salesbenedu@maazcheese.nl\">salesbenedu@maazcheese.nl<\/a>.<\/p>\n<p>Laden Sie <a href=\"https:\/\/maazcheese.nl\/wp-content\/uploads\/2023\/03\/Allergenenlijst-top-200-artikelen-MAAZ-Cheese.pdf\" target=\"_blank\" rel=\"noopener\"><u>hier<\/u><\/a> die Allergenliste \u2018Top 200 Artikel\u2019 herunter.[\/vc_column_text][\/vc_column_inner][vc_column_inner width=&#8220;1\/2&#8243; css=&#8220;.vc_custom_1594035932569{background-image: url(https:\/\/maazcheese.nl\/wp-content\/uploads\/2020\/07\/MAAZ-afbeelding_KwaliteitDuurzaamheid1920x1080.jpg?id=2362) !important;background-position: center !important;background-repeat: no-repeat !important;background-size: cover !important;}&#8220;][vc_separator color=&#8220;custom&#8220; align=&#8220;align_left&#8220; border_width=&#8220;3&#8243; el_width=&#8220;50&#8243; accent_color=&#8220;#ea7600&#8243; css=&#8220;.vc_custom_1595573893589{padding-top: 30px !important;padding-right: 30px !important;padding-left: 30px !important;}&#8220;][vc_column_text css=&#8220;.vc_custom_1595573889405{padding-right: 30px !important;padding-bottom: 30px !important;padding-left: 30px !important;}&#8220;]<\/p>\n<h2><span style=\"color: #ffffff;\">NACHHALTIGKEIT<\/span><br \/>\n<span style=\"color: #ffffff;\">IST IN ALLEN EBENEN<\/span><\/h2>\n<p>[\/vc_column_text][\/vc_column_inner][\/vc_row_inner][\/vc_column][\/vc_row][vc_row css=&#8220;.vc_custom_1557993671547{margin-top: 25px !important;margin-bottom: 25px !important;}&#8220;][vc_column]<div class=\"vntd-carousel-holder logos-overlay-no\"><div class=\"vntd-carousel vntd-logos-carousel vntd-logos logos-style-regular logos-height-high carousel-nav-false nav-position-bottom\" data-cols=\"6\" data-autoplay=\"false\" data-autoplay-timeout=\"\" data-margin=\"30\" data-dots=\"true\" data-nav=\"false\">\t\t\t<a  class=\"item logo-item\">\n\t\t\t\t<img src=\"https:\/\/maazcheese.nl\/wp-content\/uploads\/2019\/05\/MAAZ-Cheese_Kwaliteit-COKZ.png\" alt>\n\t\t\t<\/a>\t\t\t\t\n\t\t\t\t\t\t<a  class=\"item logo-item\">\n\t\t\t\t<img src=\"https:\/\/maazcheese.nl\/wp-content\/uploads\/2019\/05\/MAAZ-Cheese_Kwaliteit-SKAL.png\" alt=\"MAAZ Cheese kwaliteit SKAL\">\n\t\t\t<\/a>\t\t\t\t\n\t\t\t\t\t\t<a  class=\"item logo-item\">\n\t\t\t\t<img src=\"https:\/\/maazcheese.nl\/wp-content\/uploads\/2019\/05\/MAAZ-Cheese_Kwaliteit-weidemelk.png\" alt=\"MAAZ Cheese kwaliteit Weidemelk\">\n\t\t\t<\/a>\t\t\t\t\n\t\t\t\t\t\t<a  class=\"item logo-item\">\n\t\t\t\t<img src=\"https:\/\/maazcheese.nl\/wp-content\/uploads\/2023\/04\/Beter-Leven-keurmerken-e1681994569155.jpg\" alt>\n\t\t\t<\/a>\t\t\t\t\n\t\t\t\t\t\t<a  class=\"item logo-item\">\n\t\t\t\t<img src=\"https:\/\/maazcheese.nl\/wp-content\/uploads\/2023\/04\/Logos_Food.png\" alt>\n\t\t\t<\/a>\t\t\t\t\n\t\t\t\t\t\t<a  class=\"item logo-item\">\n\t\t\t\t<img src=\"https:\/\/maazcheese.nl\/wp-content\/uploads\/2023\/04\/Logos_Logistics.png\" alt>\n\t\t\t<\/a>\t\t\t\t\n\t\t\t<\/div><\/div>[\/vc_column][\/vc_row][vc_row content_placement=&#8220;middle&#8220;][vc_column][vc_row_inner equal_height=&#8220;yes&#8220; content_placement=&#8220;top&#8220; gap=&#8220;30&#8243; css=&#8220;.vc_custom_1678348425704{margin-bottom: 20px !important;}&#8220; el_id=&#8220;csr&#8220;][vc_column_inner width=&#8220;1\/2&#8243; css=&#8220;.vc_custom_1594036444694{background-image: url(https:\/\/maazcheese.nl\/wp-content\/uploads\/2020\/07\/MAAZ-afbeelding_MVO1920x1080.jpg?id=2367) !important;background-position: center !important;background-repeat: no-repeat !important;background-size: cover !important;}&#8220;][vc_separator color=&#8220;custom&#8220; align=&#8220;align_left&#8220; border_width=&#8220;3&#8243; el_width=&#8220;50&#8243; accent_color=&#8220;#ea7600&#8243; css=&#8220;.vc_custom_1594036118570{padding-top: 30px !important;padding-right: 30px !important;padding-left: 30px !important;}&#8220;][vc_column_text css=&#8220;.vc_custom_1733233116938{padding-right: 30px !important;padding-bottom: 30px !important;padding-left: 30px !important;}&#8220;]<\/p>\n<h2><span style=\"color: #ffffff;\">CO2-REDUZIERUNG<\/span><br \/>\n<span style=\"color: #ffffff;\">WIEDERVERWENDUNG VON W\u00c4RME<\/span><br \/>\n<span style=\"color: #ffffff;\">CSR-QUALIT\u00c4TSMARKE<\/span><\/h2>\n<p>[\/vc_column_text][\/vc_column_inner][vc_column_inner width=&#8220;1\/2&#8243; css=&#8220;.vc_custom_1558431835306{background-color: #f7f7f7 !important;}&#8220;][vc_column_text css=&#8220;.vc_custom_1733233192077{padding-top: 30px !important;padding-right: 30px !important;padding-bottom: 30px !important;padding-left: 30px !important;}&#8220;]<\/p>\n<h4 id=\"tw-target-text\" class=\"tw-data-text tw-text-large tw-ta\" dir=\"ltr\" data-placeholder=\"Vertaling\" data-ved=\"2ahUKEwjEuIqq3IuKAxUa9rsIHRRnD7wQ3ewLegQICxAU\" aria-label=\"Vertaalde tekst: NACHHALTIGKEIT\">Nachhaltigkeit<\/h4>\n<p>Nachhaltigkeit wird unter anderem durch die R\u00fcckgewinnung und Wiederverwendung von W\u00e4rme und K\u00e4lte aus den Anlagen, Nutzung von Sonnenenergie, LED-Beleuchtung und das Pflanzen von mehr als 100 gro\u00dfen B\u00e4umen am Distributionszentrum realisiert.[\/vc_column_text][\/vc_column_inner][\/vc_row_inner][vc_row_inner equal_height=&#8220;yes&#8220; content_placement=&#8220;top&#8220; gap=&#8220;30&#8243; css=&#8220;.vc_custom_1678348425704{margin-bottom: 20px !important;}&#8220;][vc_column_inner width=&#8220;1\/2&#8243; css=&#8220;.vc_custom_1558431835306{background-color: #f7f7f7 !important;}&#8220;][vc_column_text css=&#8220;.vc_custom_1733233225389{padding-top: 30px !important;padding-right: 30px !important;padding-bottom: 30px !important;padding-left: 30px !important;}&#8220;]<\/p>\n<h4><strong>CSR<\/strong><\/h4>\n<p>Maaz Cheese BV ist im Besitz des CSR-Qualit\u00e4tszeichenzertifikats. Dieses auf ISO 26000 basierte G\u00fctezeichen deckt alle Arten von CSR-Aspekten ab, bewertet Leistungen und (m\u00f6gliche) Verbesserungen. Wir m\u00fcssen die gesetzten Ziele nachweislich erreichen. Dies wird bei sp\u00e4teren Inspektionen \u00fcberpr\u00fcft und h\u00e4lt uns auf Trab, um uns weiterhin f\u00fcr Mensch und Umwelt zu verbessern. Unsere Mitarbeiter und unser Lebensumfeld liegen uns am Herzen. Bei diesen Themen m\u00f6chten wir etwas bewegen. CSR ist ein wesentlicher Bestandteil unserer Unternehmenspolitik. Als Familienunternehmen liegt uns das in den Genen.[\/vc_column_text][\/vc_column_inner][vc_column_inner width=&#8220;1\/2&#8243; css=&#8220;.vc_custom_1733233408218{background-image: url(http:\/\/maazcheese.nl\/wp-content\/uploads\/2021\/01\/MAAZ_Cheese-MVO.jpg?id=2647) !important;background-position: center !important;background-repeat: no-repeat !important;background-size: cover !important;}&#8220;][vc_separator color=&#8220;custom&#8220; align=&#8220;align_left&#8220; border_width=&#8220;3&#8243; el_width=&#8220;50&#8243; accent_color=&#8220;#ea7600&#8243; css=&#8220;.vc_custom_1594036118570{padding-top: 30px !important;padding-right: 30px !important;padding-left: 30px !important;}&#8220;][vc_column_text css=&#8220;.vc_custom_1733233348329{padding-right: 30px !important;padding-bottom: 30px !important;padding-left: 30px !important;}&#8220;]<\/p>\n<h2><span style=\"color: #ffffff;\">ALS FAMILIENUNTERNEHMEN LIEGT DAS UNS IN DEN GENEN<\/span><\/h2>\n<p>[\/vc_column_text][\/vc_column_inner][\/vc_row_inner][\/vc_column][\/vc_row]<\/p>\n","protected":false},"excerpt":{"rendered":"<p>[vc_row full_width=&#8220;stretch_row_content_no_spaces&#8220;][vc_column][\/vc_column][\/vc_row][vc_row content_placement=&#8220;middle&#8220;][vc_column][vc_row_inner equal_height=&#8220;yes&#8220; content_placement=&#8220;top&#8220; gap=&#8220;30&#8243; css=&#8220;.vc_custom_1678349064828{margin-top: 20px !important;margin-bottom: 20px !important;}&#8220; el_id=&#8220;zertifikate&#8220;][vc_column_inner width=&#8220;1\/2&#8243; css=&#8220;.vc_custom_1558431827566{background-color: #f7f7f7 !important;}&#8220;][vc_column_text css=&#8220;.vc_custom_1775132173476{padding-top: 30px !important;padding-right: 30px !important;padding-bottom: 30px !important;padding-left: 30px !important;}&#8220;] QUALIT\u00c4T Qualit\u00e4tssicherung und -\u00fcberwachung sowie deren kontinuierliche Verbesserung stehen ganz oben auf der Agenda. MAAZ Cheese arbeitet nach hohen Qualit\u00e4tsstandards und stellt hohe Anforderungen an [&hellip;]<\/p>\n","protected":false},"author":1,"featured_media":0,"parent":0,"menu_order":0,"comment_status":"closed","ping_status":"closed","template":"","meta":{"_exactmetrics_skip_tracking":false,"_exactmetrics_sitenote_active":false,"_exactmetrics_sitenote_note":"","_exactmetrics_sitenote_category":0},"yoast_head":"<!-- This site is optimized with the Yoast SEO plugin v20.6 - https:\/\/yoast.com\/wordpress\/plugins\/seo\/ -->\n<title>Qualit\u00e4t und CSR - MAAZ Cheese<\/title>\n<meta name=\"robots\" content=\"index, follow, max-snippet:-1, max-image-preview:large, max-video-preview:-1\" \/>\n<link rel=\"canonical\" href=\"https:\/\/maazcheese.nl\/de\/kwaliteitsnormering\/\" \/>\n<meta property=\"og:locale\" content=\"de_DE\" \/>\n<meta property=\"og:type\" content=\"article\" \/>\n<meta property=\"og:title\" content=\"Qualit\u00e4t und CSR - MAAZ Cheese\" \/>\n<meta property=\"og:description\" content=\"[vc_row full_width=&#8220;stretch_row_content_no_spaces&#8220;][vc_column][\/vc_column][\/vc_row][vc_row content_placement=&#8220;middle&#8220;][vc_column][vc_row_inner equal_height=&#8220;yes&#8220; content_placement=&#8220;top&#8220; gap=&#8220;30&#8243; css=&#8220;.vc_custom_1678349064828{margin-top: 20px !important;margin-bottom: 20px !important;}&#8220; el_id=&#8220;zertifikate&#8220;][vc_column_inner width=&#8220;1\/2&#8243; css=&#8220;.vc_custom_1558431827566{background-color: #f7f7f7 !important;}&#8220;][vc_column_text css=&#8220;.vc_custom_1775132173476{padding-top: 30px !important;padding-right: 30px !important;padding-bottom: 30px !important;padding-left: 30px !important;}&#8220;] QUALIT\u00c4T Qualit\u00e4tssicherung und -\u00fcberwachung sowie deren kontinuierliche Verbesserung stehen ganz oben auf der Agenda. MAAZ Cheese arbeitet nach hohen Qualit\u00e4tsstandards und stellt hohe Anforderungen an [&hellip;]\" \/>\n<meta property=\"og:url\" content=\"https:\/\/maazcheese.nl\/de\/kwaliteitsnormering\/\" \/>\n<meta property=\"og:site_name\" content=\"MAAZ Cheese\" \/>\n<meta property=\"article:modified_time\" content=\"2026-04-02T12:16:17+00:00\" \/>\n<meta name=\"twitter:card\" content=\"summary_large_image\" \/>\n<meta name=\"twitter:label1\" content=\"Gesch\u00e4tzte Lesezeit\" \/>\n\t<meta name=\"twitter:data1\" content=\"2 Minuten\" \/>\n<script type=\"application\/ld+json\" class=\"yoast-schema-graph\">{\"@context\":\"https:\/\/schema.org\",\"@graph\":[{\"@type\":\"WebPage\",\"@id\":\"https:\/\/maazcheese.nl\/de\/kwaliteitsnormering\/\",\"url\":\"https:\/\/maazcheese.nl\/de\/kwaliteitsnormering\/\",\"name\":\"Qualit\u00e4t und CSR - MAAZ Cheese\",\"isPartOf\":{\"@id\":\"https:\/\/maazcheese.nl\/#website\"},\"datePublished\":\"2018-11-13T16:09:04+00:00\",\"dateModified\":\"2026-04-02T12:16:17+00:00\",\"breadcrumb\":{\"@id\":\"https:\/\/maazcheese.nl\/de\/kwaliteitsnormering\/#breadcrumb\"},\"inLanguage\":\"de-DE\",\"potentialAction\":[{\"@type\":\"ReadAction\",\"target\":[\"https:\/\/maazcheese.nl\/de\/kwaliteitsnormering\/\"]}]},{\"@type\":\"BreadcrumbList\",\"@id\":\"https:\/\/maazcheese.nl\/de\/kwaliteitsnormering\/#breadcrumb\",\"itemListElement\":[{\"@type\":\"ListItem\",\"position\":1,\"name\":\"Home\",\"item\":\"https:\/\/maazcheese.nl\/de\/\"},{\"@type\":\"ListItem\",\"position\":2,\"name\":\"Qualit\u00e4t und CSR\"}]},{\"@type\":\"WebSite\",\"@id\":\"https:\/\/maazcheese.nl\/#website\",\"url\":\"https:\/\/maazcheese.nl\/\",\"name\":\"MAAZ Cheese\",\"description\":\"from core to more\",\"publisher\":{\"@id\":\"https:\/\/maazcheese.nl\/#organization\"},\"potentialAction\":[{\"@type\":\"SearchAction\",\"target\":{\"@type\":\"EntryPoint\",\"urlTemplate\":\"https:\/\/maazcheese.nl\/?s={search_term_string}\"},\"query-input\":\"required name=search_term_string\"}],\"inLanguage\":\"de-DE\"},{\"@type\":\"Organization\",\"@id\":\"https:\/\/maazcheese.nl\/#organization\",\"name\":\"MAAZ Cheese B.V.\",\"url\":\"https:\/\/maazcheese.nl\/\",\"logo\":{\"@type\":\"ImageObject\",\"inLanguage\":\"de-DE\",\"@id\":\"https:\/\/maazcheese.nl\/#\/schema\/logo\/image\/\",\"url\":\"https:\/\/maazcheese.nl\/wp-content\/uploads\/2018\/09\/MAAZ-Cheese-LOGO-groot-website-1.png\",\"contentUrl\":\"https:\/\/maazcheese.nl\/wp-content\/uploads\/2018\/09\/MAAZ-Cheese-LOGO-groot-website-1.png\",\"width\":1200,\"height\":600,\"caption\":\"MAAZ Cheese B.V.\"},\"image\":{\"@id\":\"https:\/\/maazcheese.nl\/#\/schema\/logo\/image\/\"},\"sameAs\":[\"https:\/\/www.linkedin.com\/company\/maaz-cheese\/\"]}]}<\/script>\n<!-- \/ Yoast SEO plugin. -->","yoast_head_json":{"title":"Qualit\u00e4t und CSR - MAAZ Cheese","robots":{"index":"index","follow":"follow","max-snippet":"max-snippet:-1","max-image-preview":"max-image-preview:large","max-video-preview":"max-video-preview:-1"},"canonical":"https:\/\/maazcheese.nl\/de\/kwaliteitsnormering\/","og_locale":"de_DE","og_type":"article","og_title":"Qualit\u00e4t und CSR - MAAZ Cheese","og_description":"[vc_row full_width=&#8220;stretch_row_content_no_spaces&#8220;][vc_column][\/vc_column][\/vc_row][vc_row content_placement=&#8220;middle&#8220;][vc_column][vc_row_inner equal_height=&#8220;yes&#8220; content_placement=&#8220;top&#8220; gap=&#8220;30&#8243; css=&#8220;.vc_custom_1678349064828{margin-top: 20px !important;margin-bottom: 20px !important;}&#8220; el_id=&#8220;zertifikate&#8220;][vc_column_inner width=&#8220;1\/2&#8243; css=&#8220;.vc_custom_1558431827566{background-color: #f7f7f7 !important;}&#8220;][vc_column_text css=&#8220;.vc_custom_1775132173476{padding-top: 30px !important;padding-right: 30px !important;padding-bottom: 30px !important;padding-left: 30px !important;}&#8220;] QUALIT\u00c4T Qualit\u00e4tssicherung und -\u00fcberwachung sowie deren kontinuierliche Verbesserung stehen ganz oben auf der Agenda. MAAZ Cheese arbeitet nach hohen Qualit\u00e4tsstandards und stellt hohe Anforderungen an [&hellip;]","og_url":"https:\/\/maazcheese.nl\/de\/kwaliteitsnormering\/","og_site_name":"MAAZ Cheese","article_modified_time":"2026-04-02T12:16:17+00:00","twitter_card":"summary_large_image","twitter_misc":{"Gesch\u00e4tzte Lesezeit":"2 Minuten"},"schema":{"@context":"https:\/\/schema.org","@graph":[{"@type":"WebPage","@id":"https:\/\/maazcheese.nl\/de\/kwaliteitsnormering\/","url":"https:\/\/maazcheese.nl\/de\/kwaliteitsnormering\/","name":"Qualit\u00e4t und CSR - MAAZ Cheese","isPartOf":{"@id":"https:\/\/maazcheese.nl\/#website"},"datePublished":"2018-11-13T16:09:04+00:00","dateModified":"2026-04-02T12:16:17+00:00","breadcrumb":{"@id":"https:\/\/maazcheese.nl\/de\/kwaliteitsnormering\/#breadcrumb"},"inLanguage":"de-DE","potentialAction":[{"@type":"ReadAction","target":["https:\/\/maazcheese.nl\/de\/kwaliteitsnormering\/"]}]},{"@type":"BreadcrumbList","@id":"https:\/\/maazcheese.nl\/de\/kwaliteitsnormering\/#breadcrumb","itemListElement":[{"@type":"ListItem","position":1,"name":"Home","item":"https:\/\/maazcheese.nl\/de\/"},{"@type":"ListItem","position":2,"name":"Qualit\u00e4t und CSR"}]},{"@type":"WebSite","@id":"https:\/\/maazcheese.nl\/#website","url":"https:\/\/maazcheese.nl\/","name":"MAAZ Cheese","description":"from core to more","publisher":{"@id":"https:\/\/maazcheese.nl\/#organization"},"potentialAction":[{"@type":"SearchAction","target":{"@type":"EntryPoint","urlTemplate":"https:\/\/maazcheese.nl\/?s={search_term_string}"},"query-input":"required name=search_term_string"}],"inLanguage":"de-DE"},{"@type":"Organization","@id":"https:\/\/maazcheese.nl\/#organization","name":"MAAZ Cheese B.V.","url":"https:\/\/maazcheese.nl\/","logo":{"@type":"ImageObject","inLanguage":"de-DE","@id":"https:\/\/maazcheese.nl\/#\/schema\/logo\/image\/","url":"https:\/\/maazcheese.nl\/wp-content\/uploads\/2018\/09\/MAAZ-Cheese-LOGO-groot-website-1.png","contentUrl":"https:\/\/maazcheese.nl\/wp-content\/uploads\/2018\/09\/MAAZ-Cheese-LOGO-groot-website-1.png","width":1200,"height":600,"caption":"MAAZ Cheese B.V."},"image":{"@id":"https:\/\/maazcheese.nl\/#\/schema\/logo\/image\/"},"sameAs":["https:\/\/www.linkedin.com\/company\/maaz-cheese\/"]}]}},"_links":{"self":[{"href":"https:\/\/maazcheese.nl\/de\/wp-json\/wp\/v2\/pages\/1476"}],"collection":[{"href":"https:\/\/maazcheese.nl\/de\/wp-json\/wp\/v2\/pages"}],"about":[{"href":"https:\/\/maazcheese.nl\/de\/wp-json\/wp\/v2\/types\/page"}],"author":[{"embeddable":true,"href":"https:\/\/maazcheese.nl\/de\/wp-json\/wp\/v2\/users\/1"}],"replies":[{"embeddable":true,"href":"https:\/\/maazcheese.nl\/de\/wp-json\/wp\/v2\/comments?post=1476"}],"version-history":[{"count":54,"href":"https:\/\/maazcheese.nl\/de\/wp-json\/wp\/v2\/pages\/1476\/revisions"}],"predecessor-version":[{"id":8472,"href":"https:\/\/maazcheese.nl\/de\/wp-json\/wp\/v2\/pages\/1476\/revisions\/8472"}],"wp:attachment":[{"href":"https:\/\/maazcheese.nl\/de\/wp-json\/wp\/v2\/media?parent=1476"}],"curies":[{"name":"wp","href":"https:\/\/api.w.org\/{rel}","templated":true}]}}