{"id":1572,"date":"2019-01-28T16:44:18","date_gmt":"2019-01-28T16:44:18","guid":{"rendered":"http:\/\/maazcheese.nl\/handelsvoorwaarden\/"},"modified":"2020-12-23T09:05:04","modified_gmt":"2020-12-23T09:05:04","slug":"handelsbedingungen","status":"publish","type":"page","link":"https:\/\/maazcheese.nl\/de\/handelsbedingungen\/","title":{"rendered":"Handelsbedingungen"},"content":{"rendered":"<p>[vc_row full_width=&#8220;stretch_row_content_no_spaces&#8220;][vc_column]\n\t\t\t<!-- START Handelsbedingungen REVOLUTION SLIDER 6.5.9 --><p class=\"rs-p-wp-fix\"><\/p>\n\t\t\t<rs-module-wrap id=\"rev_slider_23_1_wrapper\" data-source=\"gallery\" style=\"visibility:hidden;background:transparent;padding:0;margin:0px auto;margin-top:0;margin-bottom:0;\">\n\t\t\t\t<rs-module id=\"rev_slider_23_1\" style=\"\" data-version=\"6.5.9\">\n\t\t\t\t\t<rs-slides>\n\t\t\t\t\t\t<rs-slide style=\"position: absolute;\" data-key=\"rs-57\" data-title=\"Slide\" data-anim=\"ms:600;\" data-in=\"o:0;\" data-out=\"a:false;\">\n\t\t\t\t\t\t\t<img src=\"\/\/maazcheese.nl\/wp-content\/plugins\/revslider\/public\/assets\/assets\/dummy.png\" title=\"Handelsbedingungen\" class=\"rev-slidebg tp-rs-img rs-lazyload\" data-lazyload=\"\/\/maazcheese.nl\/wp-content\/uploads\/2019\/04\/MAAZ-afbeelding_deketen1800x1000.jpg\" data-parallax=\"off\" data-no-retina>\n<!--\n\t\t\t\t\t\t\t--><rs-layer\n\t\t\t\t\t\t\t\tid=\"slider-23-slide-57-layer-1\" \n\t\t\t\t\t\t\t\tclass=\"rs-selectable\"\n\t\t\t\t\t\t\t\tdata-type=\"text\"\n\t\t\t\t\t\t\t\tdata-rsp_ch=\"on\"\n\t\t\t\t\t\t\t\tdata-xy=\"x:c;y:m;\"\n\t\t\t\t\t\t\t\tdata-text=\"s:58;l:22;ls:2px;fw:800;a:inherit;\"\n\t\t\t\t\t\t\t\tdata-frame_0=\"tp:600;\"\n\t\t\t\t\t\t\t\tdata-frame_1=\"tp:600;st:9.9432373046875;sR:9.9432373046875;\"\n\t\t\t\t\t\t\t\tdata-frame_999=\"o:0;tp:600;st:w;sR:8690.0564575195;\"\n\t\t\t\t\t\t\t\tstyle=\"z-index:5;font-family:'Raleway';\"\n\t\t\t\t\t\t\t>UNSERE HANDELSBEDINGUNGEN \n\t\t\t\t\t\t\t<\/rs-layer><!--\n\n\t\t\t\t\t\t\t--><rs-layer\n\t\t\t\t\t\t\t\tid=\"slider-23-slide-57-layer-2\" \n\t\t\t\t\t\t\t\tclass=\"rs-selectable\"\n\t\t\t\t\t\t\t\tdata-type=\"text\"\n\t\t\t\t\t\t\t\tdata-rsp_ch=\"on\"\n\t\t\t\t\t\t\t\tdata-xy=\"x:c;y:m;yo:70px;\"\n\t\t\t\t\t\t\t\tdata-text=\"s:25;l:22;a:inherit;\"\n\t\t\t\t\t\t\t\tdata-frame_0=\"tp:600;\"\n\t\t\t\t\t\t\t\tdata-frame_1=\"tp:600;st:9.9432373046875;sR:9.9432373046875;\"\n\t\t\t\t\t\t\t\tdata-frame_999=\"o:0;tp:600;st:w;sR:8690.0564575195;\"\n\t\t\t\t\t\t\t\tstyle=\"z-index:6;font-family:'Raleway';\"\n\t\t\t\t\t\t\t>Laden Sie hier unsere Handelsbedingungen \n\t\t\t\t\t\t\t<\/rs-layer><!--\n-->\t\t\t\t\t\t<\/rs-slide>\n\t\t\t\t\t\t<rs-slide style=\"position: absolute;\" data-key=\"rs-571\" data-title=\"Slide\" data-anim=\"ms:600;\" data-in=\"o:0;\" data-out=\"a:false;\">\n\t\t\t\t\t\t\t<img src=\"\/\/maazcheese.nl\/wp-content\/plugins\/revslider\/public\/assets\/assets\/dummy.png\" title=\"Handelsbedingungen\" class=\"rev-slidebg tp-rs-img rs-lazyload\" data-lazyload=\"\/\/maazcheese.nl\/wp-content\/uploads\/2019\/04\/MAAZ-afbeelding_deketen1800x1000.jpg\" data-parallax=\"off\" data-no-retina>\n<!--\n\t\t\t\t\t\t\t--><rs-layer\n\t\t\t\t\t\t\t\tid=\"slider-23-slide-571-layer-1\" \n\t\t\t\t\t\t\t\tclass=\"rs-selectable\"\n\t\t\t\t\t\t\t\tdata-type=\"text\"\n\t\t\t\t\t\t\t\tdata-rsp_ch=\"on\"\n\t\t\t\t\t\t\t\tdata-xy=\"x:c;y:m;\"\n\t\t\t\t\t\t\t\tdata-text=\"s:58;l:22;ls:2px;fw:800;a:inherit;\"\n\t\t\t\t\t\t\t\tdata-frame_0=\"tp:600;\"\n\t\t\t\t\t\t\t\tdata-frame_1=\"tp:600;st:9.9432373046875;sR:9.9432373046875;\"\n\t\t\t\t\t\t\t\tdata-frame_999=\"o:0;tp:600;st:w;sR:8690.0564575195;\"\n\t\t\t\t\t\t\t\tstyle=\"z-index:5;font-family:'Raleway';\"\n\t\t\t\t\t\t\t>UNSERE HANDELSBEDINGUNGEN \n\t\t\t\t\t\t\t<\/rs-layer><!--\n\n\t\t\t\t\t\t\t--><rs-layer\n\t\t\t\t\t\t\t\tid=\"slider-23-slide-571-layer-2\" \n\t\t\t\t\t\t\t\tclass=\"rs-selectable\"\n\t\t\t\t\t\t\t\tdata-type=\"text\"\n\t\t\t\t\t\t\t\tdata-rsp_ch=\"on\"\n\t\t\t\t\t\t\t\tdata-xy=\"x:c;y:m;yo:70px;\"\n\t\t\t\t\t\t\t\tdata-text=\"s:25;l:22;a:inherit;\"\n\t\t\t\t\t\t\t\tdata-frame_0=\"tp:600;\"\n\t\t\t\t\t\t\t\tdata-frame_1=\"tp:600;st:9.9432373046875;sR:9.9432373046875;\"\n\t\t\t\t\t\t\t\tdata-frame_999=\"o:0;tp:600;st:w;sR:8690.0564575195;\"\n\t\t\t\t\t\t\t\tstyle=\"z-index:6;font-family:'Raleway';\"\n\t\t\t\t\t\t\t>Laden Sie hier unsere Handelsbedingungen \n\t\t\t\t\t\t\t<\/rs-layer><!--\n-->\t\t\t\t\t\t<\/rs-slide>\n\t\t\t\t\t<\/rs-slides>\n\t\t\t\t<\/rs-module>\n\t\t\t\t<script type=\"text\/javascript\">\n\t\t\t\t\tsetREVStartSize({c: 'rev_slider_23_1',rl:[1240,1024,1024,480],el:[],gw:[1240,1024,1024,480],gh:[700,620,620,600],type:'standard',justify:'',layout:'fullwidth',mh:\"0\"});if (window.RS_MODULES!==undefined && window.RS_MODULES.modules!==undefined && window.RS_MODULES.modules[\"revslider231\"]!==undefined) {window.RS_MODULES.modules[\"revslider231\"].once = false;window.revapi23 = undefined;if (window.RS_MODULES.checkMinimal!==undefined) window.RS_MODULES.checkMinimal()}\n\t\t\t\t<\/script>\n\t\t\t<\/rs-module-wrap>\n\t\t\t<!-- END REVOLUTION SLIDER -->\n[\/vc_column][\/vc_row][vc_row full_width=&#8220;stretch_row_content_no_spaces&#8220;][vc_column offset=&#8220;vc_hidden-lg vc_hidden-md vc_hidden-sm vc_hidden-xs&#8220;]\n    <div id=\"hero-section-3192\" class=\"hero-section veented-slider-holder\" data-slider-autoplay=\"7000\" data-slider-effect=\"fade\">\n\n\n\t\t<div class=\"hero-section-video swiper-containers\">\n\n\t\t\t<div class=\"veented-slider-inner swiper-wrapper\">\n\n\t\t\t\t\t\t\t\t\t\t\n\t\t\t\t\t\t<div class=\"swiper-slide veented-slide swiper-lazy veented-slide-1\" style=\"background-image:url(https:\/\/maazcheese.nl\/wp-content\/uploads\/2018\/11\/MAAZ-afbeelding_keurmerk1800x1000.jpg);\" data-background=\"https:\/\/maazcheese.nl\/wp-content\/uploads\/2018\/11\/MAAZ-afbeelding_keurmerk1800x1000.jpg\">\n\n\t\t\t\t\t\t<\/div>\n\n\t\t\t\t\t<style type=\"text\/css\">#hero-section-3192 { height: 600px; }<\/style>\t\t\t\t<div class=\"hero-section-content\">\n\t\t\t\t\t<div class=\"inner\">\n\t\t\t\t\t\t<div class=\"veented-slide-inner veented-slide\">\n\t\t\t\t\t\t\t\t\t\t\t\t\t\t<h2 class=\"hero-section-heading veented-slide-heading\"> ONZE HANDELSVOORWAARDEN<\/h2>\n\t\t\t\t\t\t\t\t\t\t\t\t\t\t<p class=\"hero-section-subtitle veented-slide-paragraph \">Secondary Heading<\/p>\n\t\t\t\t\t\t\t<div class=\"veented-slide-buttons\"><\/div>\t\t\t\t\t\t<\/div>\n\n\t\t\t\t\t<\/div>\n\t\t\t\t<\/div>\n\n\t\t\t<\/div>\n\n\t\t\t\n\t\t<\/div>\n\n\t<\/div>\n\n\t[vc_empty_space height=&#8220;80px&#8220;][\/vc_column][\/vc_row][vc_row css=&#8220;.vc_custom_1558443890172{margin-top: 50px !important;margin-bottom: 35px !important;}&#8220;][vc_column width=&#8220;1\/5&#8243;][\/vc_column][vc_column width=&#8220;3\/5&#8243;][vc_column_text]<strong>Laden Sie hier unsere Handelsbedingungen<\/strong><\/p>\n<p>F\u00fcr alle unsere Lieferungen und Leistungen gelten die neuesten Gesch\u00e4ftsbedingungen der Niederl\u00e4ndischen Milchb\u00f6rse.[\/vc_column_text][vc_btn title=&#8220;HANDELSBEDINGUNGEN&#8220; style=&#8220;custom&#8220; custom_background=&#8220;#ea7600&#8243; custom_text=&#8220;#ffffff&#8220; css=&#8220;.vc_custom_1608714296187{padding-top: 15px !important;}&#8220; link=&#8220;url:https%3A%2F%2Fmaazcheese.nl%2Fwp-content%2Fuploads%2F2020%2F12%2FDUITS-Algemene-Handelsvoorwaarden-2020.pdf|title:algemene%20handelsvoorwaarden|target:%20_blank|&#8220;][\/vc_column][vc_column width=&#8220;1\/5&#8243;][\/vc_column][\/vc_row]<\/p>\n","protected":false},"excerpt":{"rendered":"<p>[vc_row full_width=&#8220;stretch_row_content_no_spaces&#8220;][vc_column][\/vc_column][\/vc_row][vc_row full_width=&#8220;stretch_row_content_no_spaces&#8220;][vc_column offset=&#8220;vc_hidden-lg vc_hidden-md vc_hidden-sm vc_hidden-xs&#8220;][vc_empty_space height=&#8220;80px&#8220;][\/vc_column][\/vc_row][vc_row css=&#8220;.vc_custom_1558443890172{margin-top: 50px !important;margin-bottom: 35px !important;}&#8220;][vc_column width=&#8220;1\/5&#8243;][\/vc_column][vc_column width=&#8220;3\/5&#8243;][vc_column_text]Laden Sie hier unsere Handelsbedingungen F\u00fcr alle unsere Lieferungen und Leistungen gelten die neuesten Gesch\u00e4ftsbedingungen der Niederl\u00e4ndischen Milchb\u00f6rse.[\/vc_column_text][vc_btn title=&#8220;HANDELSBEDINGUNGEN&#8220; style=&#8220;custom&#8220; custom_background=&#8220;#ea7600&#8243; custom_text=&#8220;#ffffff&#8220; css=&#8220;.vc_custom_1608714296187{padding-top: 15px !important;}&#8220; link=&#8220;url:https%3A%2F%2Fmaazcheese.nl%2Fwp-content%2Fuploads%2F2020%2F12%2FDUITS-Algemene-Handelsvoorwaarden-2020.pdf|title:algemene%20handelsvoorwaarden|target:%20_blank|&#8220;][\/vc_column][vc_column width=&#8220;1\/5&#8243;][\/vc_column][\/vc_row]<\/p>\n","protected":false},"author":1,"featured_media":0,"parent":0,"menu_order":0,"comment_status":"closed","ping_status":"closed","template":"","meta":{"_exactmetrics_skip_tracking":false,"_exactmetrics_sitenote_active":false,"_exactmetrics_sitenote_note":"","_exactmetrics_sitenote_category":0},"yoast_head":"<!-- This site is optimized with the Yoast SEO plugin v20.6 - https:\/\/yoast.com\/wordpress\/plugins\/seo\/ -->\n<title>Handelsbedingungen - MAAZ Cheese<\/title>\n<meta name=\"robots\" content=\"index, follow, max-snippet:-1, max-image-preview:large, max-video-preview:-1\" \/>\n<link rel=\"canonical\" href=\"https:\/\/maazcheese.nl\/de\/handelsbedingungen\/\" \/>\n<meta property=\"og:locale\" content=\"de_DE\" \/>\n<meta property=\"og:type\" content=\"article\" \/>\n<meta property=\"og:title\" content=\"Handelsbedingungen - MAAZ Cheese\" \/>\n<meta property=\"og:description\" content=\"[vc_row full_width=&#8220;stretch_row_content_no_spaces&#8220;][vc_column][\/vc_column][\/vc_row][vc_row full_width=&#8220;stretch_row_content_no_spaces&#8220;][vc_column offset=&#8220;vc_hidden-lg vc_hidden-md vc_hidden-sm vc_hidden-xs&#8220;][vc_empty_space height=&#8220;80px&#8220;][\/vc_column][\/vc_row][vc_row css=&#8220;.vc_custom_1558443890172{margin-top: 50px !important;margin-bottom: 35px !important;}&#8220;][vc_column width=&#8220;1\/5&#8243;][\/vc_column][vc_column width=&#8220;3\/5&#8243;][vc_column_text]Laden Sie hier unsere Handelsbedingungen F\u00fcr alle unsere Lieferungen und Leistungen gelten die neuesten Gesch\u00e4ftsbedingungen der Niederl\u00e4ndischen Milchb\u00f6rse.[\/vc_column_text][vc_btn title=&#8220;HANDELSBEDINGUNGEN&#8220; style=&#8220;custom&#8220; custom_background=&#8220;#ea7600&#8243; custom_text=&#8220;#ffffff&#8220; css=&#8220;.vc_custom_1608714296187{padding-top: 15px !important;}&#8220; link=&#8220;url:https%3A%2F%2Fmaazcheese.nl%2Fwp-content%2Fuploads%2F2020%2F12%2FDUITS-Algemene-Handelsvoorwaarden-2020.pdf|title:algemene%20handelsvoorwaarden|target:%20_blank|&#8220;][\/vc_column][vc_column width=&#8220;1\/5&#8243;][\/vc_column][\/vc_row]\" \/>\n<meta property=\"og:url\" content=\"https:\/\/maazcheese.nl\/de\/handelsbedingungen\/\" \/>\n<meta property=\"og:site_name\" content=\"MAAZ Cheese\" \/>\n<meta property=\"article:modified_time\" content=\"2020-12-23T09:05:04+00:00\" \/>\n<meta name=\"twitter:card\" content=\"summary_large_image\" \/>\n<meta name=\"twitter:label1\" content=\"Gesch\u00e4tzte Lesezeit\" \/>\n\t<meta name=\"twitter:data1\" content=\"1 Minute\" \/>\n<script type=\"application\/ld+json\" class=\"yoast-schema-graph\">{\"@context\":\"https:\/\/schema.org\",\"@graph\":[{\"@type\":\"WebPage\",\"@id\":\"https:\/\/maazcheese.nl\/de\/handelsbedingungen\/\",\"url\":\"https:\/\/maazcheese.nl\/de\/handelsbedingungen\/\",\"name\":\"Handelsbedingungen - MAAZ Cheese\",\"isPartOf\":{\"@id\":\"https:\/\/maazcheese.nl\/#website\"},\"datePublished\":\"2019-01-28T16:44:18+00:00\",\"dateModified\":\"2020-12-23T09:05:04+00:00\",\"breadcrumb\":{\"@id\":\"https:\/\/maazcheese.nl\/de\/handelsbedingungen\/#breadcrumb\"},\"inLanguage\":\"de-DE\",\"potentialAction\":[{\"@type\":\"ReadAction\",\"target\":[\"https:\/\/maazcheese.nl\/de\/handelsbedingungen\/\"]}]},{\"@type\":\"BreadcrumbList\",\"@id\":\"https:\/\/maazcheese.nl\/de\/handelsbedingungen\/#breadcrumb\",\"itemListElement\":[{\"@type\":\"ListItem\",\"position\":1,\"name\":\"Home\",\"item\":\"https:\/\/maazcheese.nl\/de\/\"},{\"@type\":\"ListItem\",\"position\":2,\"name\":\"Handelsbedingungen\"}]},{\"@type\":\"WebSite\",\"@id\":\"https:\/\/maazcheese.nl\/#website\",\"url\":\"https:\/\/maazcheese.nl\/\",\"name\":\"MAAZ Cheese\",\"description\":\"from core to more\",\"publisher\":{\"@id\":\"https:\/\/maazcheese.nl\/#organization\"},\"potentialAction\":[{\"@type\":\"SearchAction\",\"target\":{\"@type\":\"EntryPoint\",\"urlTemplate\":\"https:\/\/maazcheese.nl\/?s={search_term_string}\"},\"query-input\":\"required name=search_term_string\"}],\"inLanguage\":\"de-DE\"},{\"@type\":\"Organization\",\"@id\":\"https:\/\/maazcheese.nl\/#organization\",\"name\":\"MAAZ Cheese B.V.\",\"url\":\"https:\/\/maazcheese.nl\/\",\"logo\":{\"@type\":\"ImageObject\",\"inLanguage\":\"de-DE\",\"@id\":\"https:\/\/maazcheese.nl\/#\/schema\/logo\/image\/\",\"url\":\"https:\/\/maazcheese.nl\/wp-content\/uploads\/2018\/09\/MAAZ-Cheese-LOGO-groot-website-1.png\",\"contentUrl\":\"https:\/\/maazcheese.nl\/wp-content\/uploads\/2018\/09\/MAAZ-Cheese-LOGO-groot-website-1.png\",\"width\":1200,\"height\":600,\"caption\":\"MAAZ Cheese B.V.\"},\"image\":{\"@id\":\"https:\/\/maazcheese.nl\/#\/schema\/logo\/image\/\"},\"sameAs\":[\"https:\/\/www.linkedin.com\/company\/maaz-cheese\/\"]}]}<\/script>\n<!-- \/ Yoast SEO plugin. -->","yoast_head_json":{"title":"Handelsbedingungen - MAAZ Cheese","robots":{"index":"index","follow":"follow","max-snippet":"max-snippet:-1","max-image-preview":"max-image-preview:large","max-video-preview":"max-video-preview:-1"},"canonical":"https:\/\/maazcheese.nl\/de\/handelsbedingungen\/","og_locale":"de_DE","og_type":"article","og_title":"Handelsbedingungen - MAAZ Cheese","og_description":"[vc_row full_width=&#8220;stretch_row_content_no_spaces&#8220;][vc_column][\/vc_column][\/vc_row][vc_row full_width=&#8220;stretch_row_content_no_spaces&#8220;][vc_column offset=&#8220;vc_hidden-lg vc_hidden-md vc_hidden-sm vc_hidden-xs&#8220;][vc_empty_space height=&#8220;80px&#8220;][\/vc_column][\/vc_row][vc_row css=&#8220;.vc_custom_1558443890172{margin-top: 50px !important;margin-bottom: 35px !important;}&#8220;][vc_column width=&#8220;1\/5&#8243;][\/vc_column][vc_column width=&#8220;3\/5&#8243;][vc_column_text]Laden Sie hier unsere Handelsbedingungen F\u00fcr alle unsere Lieferungen und Leistungen gelten die neuesten Gesch\u00e4ftsbedingungen der Niederl\u00e4ndischen Milchb\u00f6rse.[\/vc_column_text][vc_btn title=&#8220;HANDELSBEDINGUNGEN&#8220; style=&#8220;custom&#8220; custom_background=&#8220;#ea7600&#8243; custom_text=&#8220;#ffffff&#8220; css=&#8220;.vc_custom_1608714296187{padding-top: 15px !important;}&#8220; link=&#8220;url:https%3A%2F%2Fmaazcheese.nl%2Fwp-content%2Fuploads%2F2020%2F12%2FDUITS-Algemene-Handelsvoorwaarden-2020.pdf|title:algemene%20handelsvoorwaarden|target:%20_blank|&#8220;][\/vc_column][vc_column width=&#8220;1\/5&#8243;][\/vc_column][\/vc_row]","og_url":"https:\/\/maazcheese.nl\/de\/handelsbedingungen\/","og_site_name":"MAAZ Cheese","article_modified_time":"2020-12-23T09:05:04+00:00","twitter_card":"summary_large_image","twitter_misc":{"Gesch\u00e4tzte Lesezeit":"1 Minute"},"schema":{"@context":"https:\/\/schema.org","@graph":[{"@type":"WebPage","@id":"https:\/\/maazcheese.nl\/de\/handelsbedingungen\/","url":"https:\/\/maazcheese.nl\/de\/handelsbedingungen\/","name":"Handelsbedingungen - MAAZ Cheese","isPartOf":{"@id":"https:\/\/maazcheese.nl\/#website"},"datePublished":"2019-01-28T16:44:18+00:00","dateModified":"2020-12-23T09:05:04+00:00","breadcrumb":{"@id":"https:\/\/maazcheese.nl\/de\/handelsbedingungen\/#breadcrumb"},"inLanguage":"de-DE","potentialAction":[{"@type":"ReadAction","target":["https:\/\/maazcheese.nl\/de\/handelsbedingungen\/"]}]},{"@type":"BreadcrumbList","@id":"https:\/\/maazcheese.nl\/de\/handelsbedingungen\/#breadcrumb","itemListElement":[{"@type":"ListItem","position":1,"name":"Home","item":"https:\/\/maazcheese.nl\/de\/"},{"@type":"ListItem","position":2,"name":"Handelsbedingungen"}]},{"@type":"WebSite","@id":"https:\/\/maazcheese.nl\/#website","url":"https:\/\/maazcheese.nl\/","name":"MAAZ Cheese","description":"from core to more","publisher":{"@id":"https:\/\/maazcheese.nl\/#organization"},"potentialAction":[{"@type":"SearchAction","target":{"@type":"EntryPoint","urlTemplate":"https:\/\/maazcheese.nl\/?s={search_term_string}"},"query-input":"required name=search_term_string"}],"inLanguage":"de-DE"},{"@type":"Organization","@id":"https:\/\/maazcheese.nl\/#organization","name":"MAAZ Cheese B.V.","url":"https:\/\/maazcheese.nl\/","logo":{"@type":"ImageObject","inLanguage":"de-DE","@id":"https:\/\/maazcheese.nl\/#\/schema\/logo\/image\/","url":"https:\/\/maazcheese.nl\/wp-content\/uploads\/2018\/09\/MAAZ-Cheese-LOGO-groot-website-1.png","contentUrl":"https:\/\/maazcheese.nl\/wp-content\/uploads\/2018\/09\/MAAZ-Cheese-LOGO-groot-website-1.png","width":1200,"height":600,"caption":"MAAZ Cheese B.V."},"image":{"@id":"https:\/\/maazcheese.nl\/#\/schema\/logo\/image\/"},"sameAs":["https:\/\/www.linkedin.com\/company\/maaz-cheese\/"]}]}},"_links":{"self":[{"href":"https:\/\/maazcheese.nl\/de\/wp-json\/wp\/v2\/pages\/1572"}],"collection":[{"href":"https:\/\/maazcheese.nl\/de\/wp-json\/wp\/v2\/pages"}],"about":[{"href":"https:\/\/maazcheese.nl\/de\/wp-json\/wp\/v2\/types\/page"}],"author":[{"embeddable":true,"href":"https:\/\/maazcheese.nl\/de\/wp-json\/wp\/v2\/users\/1"}],"replies":[{"embeddable":true,"href":"https:\/\/maazcheese.nl\/de\/wp-json\/wp\/v2\/comments?post=1572"}],"version-history":[{"count":5,"href":"https:\/\/maazcheese.nl\/de\/wp-json\/wp\/v2\/pages\/1572\/revisions"}],"predecessor-version":[{"id":2623,"href":"https:\/\/maazcheese.nl\/de\/wp-json\/wp\/v2\/pages\/1572\/revisions\/2623"}],"wp:attachment":[{"href":"https:\/\/maazcheese.nl\/de\/wp-json\/wp\/v2\/media?parent=1572"}],"curies":[{"name":"wp","href":"https:\/\/api.w.org\/{rel}","templated":true}]}}