{"id":1579,"date":"2018-09-20T13:57:22","date_gmt":"2018-09-20T13:57:22","guid":{"rendered":"http:\/\/maazcheese.nl\/privacyencookies\/"},"modified":"2019-09-26T08:57:04","modified_gmt":"2019-09-26T08:57:04","slug":"datenschutz","status":"publish","type":"page","link":"https:\/\/maazcheese.nl\/de\/datenschutz\/","title":{"rendered":"Datenschutz und Cookies"},"content":{"rendered":"<p>[vc_row full_width=&#8220;stretch_row_content_no_spaces&#8220;][vc_column offset=&#8220;vc_hidden-lg vc_hidden-md vc_hidden-sm vc_hidden-xs&#8220;]\n    <div id=\"hero-section-3184\" class=\"hero-section veented-slider-holder\" data-slider-autoplay=\"7000\" data-slider-effect=\"fade\">\n\n\n\t\t<div class=\"hero-section-video swiper-containers\">\n\n\t\t\t<div class=\"veented-slider-inner swiper-wrapper\">\n\n\t\t\t\t\t\t\t\t\t\t\n\t\t\t\t\t\t<div class=\"swiper-slide veented-slide swiper-lazy veented-slide-1\" style=\"background-image:url(https:\/\/maazcheese.nl\/wp-content\/uploads\/2019\/05\/MAAZ-afbeelding_privacybeleid1800x1000.jpg);\" data-background=\"https:\/\/maazcheese.nl\/wp-content\/uploads\/2019\/05\/MAAZ-afbeelding_privacybeleid1800x1000.jpg\">\n\n\t\t\t\t\t\t<\/div>\n\n\t\t\t\t\t\t\t\t\t<div class=\"hero-section-content\">\n\t\t\t\t\t<div class=\"inner\">\n\t\t\t\t\t\t<div class=\"veented-slide-inner veented-slide\">\n\t\t\t\t\t\t\t\t\t\t\t\t\t\t<h2 class=\"hero-section-heading veented-slide-heading\"> Datenschutz und Cookies<\/h2>\n\t\t\t\t\t\t\t\t\t\t\t\t\t\t<p class=\"hero-section-subtitle veented-slide-paragraph \">Wir behandeln Ihre personenbezogenen Daten vertraulich und sorgf\u00e4ltig<\/p>\n\t\t\t\t\t\t\t<div class=\"veented-slide-buttons\"><\/div>\t\t\t\t\t\t<\/div>\n\n\t\t\t\t\t<\/div>\n\t\t\t\t<\/div>\n\n\t\t\t<\/div>\n\n\t\t\t\n\t\t<\/div>\n\n\t<\/div>\n\n\t[\/vc_column][\/vc_row][vc_row full_width=&#8220;stretch_row_content_no_spaces&#8220;][vc_column]\n\t\t\t<!-- START DATENSCHUTZ REVOLUTION SLIDER 6.5.9 --><p class=\"rs-p-wp-fix\"><\/p>\n\t\t\t<rs-module-wrap id=\"rev_slider_24_1_wrapper\" data-source=\"gallery\" style=\"visibility:hidden;background:transparent;padding:0;margin:0px auto;margin-top:0;margin-bottom:0;\">\n\t\t\t\t<rs-module id=\"rev_slider_24_1\" style=\"\" data-version=\"6.5.9\">\n\t\t\t\t\t<rs-slides>\n\t\t\t\t\t\t<rs-slide style=\"position: absolute;\" data-key=\"rs-58\" data-title=\"Slide\" data-anim=\"ms:600;r:0;\" data-in=\"o:0;\" data-out=\"a:false;\">\n\t\t\t\t\t\t\t<img src=\"\/\/maazcheese.nl\/wp-content\/plugins\/revslider\/public\/assets\/assets\/dummy.png\" title=\"Datenschutz und Cookies\" class=\"rev-slidebg tp-rs-img rs-lazyload\" data-lazyload=\"\/\/maazcheese.nl\/wp-content\/uploads\/2019\/05\/MAAZ-afbeelding_privacybeleid1800x1000.jpg\" data-parallax=\"off\" data-no-retina>\n<!--\n\t\t\t\t\t\t\t--><rs-layer\n\t\t\t\t\t\t\t\tid=\"slider-24-slide-58-layer-1\" \n\t\t\t\t\t\t\t\tclass=\"rs-selectable\"\n\t\t\t\t\t\t\t\tdata-type=\"text\"\n\t\t\t\t\t\t\t\tdata-rsp_ch=\"on\"\n\t\t\t\t\t\t\t\tdata-xy=\"x:c;y:m;\"\n\t\t\t\t\t\t\t\tdata-text=\"s:58;l:22;ls:2px;fw:800;a:inherit;\"\n\t\t\t\t\t\t\t\tdata-frame_0=\"tp:600;\"\n\t\t\t\t\t\t\t\tdata-frame_1=\"tp:600;st:9.9432373046875;sR:9.9432373046875;\"\n\t\t\t\t\t\t\t\tdata-frame_999=\"o:0;tp:600;st:8999.9996948242;sR:8690.0564575195;\"\n\t\t\t\t\t\t\t\tstyle=\"z-index:5;font-family:'Raleway';\"\n\t\t\t\t\t\t\t>DATENSCHUTZ UND COOKIES \n\t\t\t\t\t\t\t<\/rs-layer><!--\n\n\t\t\t\t\t\t\t--><rs-layer\n\t\t\t\t\t\t\t\tid=\"slider-24-slide-58-layer-2\" \n\t\t\t\t\t\t\t\tclass=\"rs-selectable\"\n\t\t\t\t\t\t\t\tdata-type=\"text\"\n\t\t\t\t\t\t\t\tdata-rsp_ch=\"on\"\n\t\t\t\t\t\t\t\tdata-xy=\"x:c;y:m;yo:70px;\"\n\t\t\t\t\t\t\t\tdata-text=\"s:25;l:22;a:inherit;\"\n\t\t\t\t\t\t\t\tdata-frame_0=\"tp:600;\"\n\t\t\t\t\t\t\t\tdata-frame_1=\"tp:600;st:9.9432373046875;sR:9.9432373046875;\"\n\t\t\t\t\t\t\t\tdata-frame_999=\"o:0;tp:600;st:8999.9996948242;sR:8690.0564575195;\"\n\t\t\t\t\t\t\t\tstyle=\"z-index:6;font-family:'Raleway';\"\n\t\t\t\t\t\t\t>Wir verarbeiten Ihre pers\u00f6nlichen Daten vertraulich und mit Sorgfalt \n\t\t\t\t\t\t\t<\/rs-layer><!--\n-->\t\t\t\t\t\t<\/rs-slide>\n\t\t\t\t\t\t<rs-slide style=\"position: absolute;\" data-key=\"rs-581\" data-title=\"Slide\" data-anim=\"ms:600;r:0;\" data-in=\"o:0;\" data-out=\"a:false;\">\n\t\t\t\t\t\t\t<img src=\"\/\/maazcheese.nl\/wp-content\/plugins\/revslider\/public\/assets\/assets\/dummy.png\" title=\"Datenschutz und Cookies\" class=\"rev-slidebg tp-rs-img rs-lazyload\" data-lazyload=\"\/\/maazcheese.nl\/wp-content\/uploads\/2019\/05\/MAAZ-afbeelding_privacybeleid1800x1000.jpg\" data-parallax=\"off\" data-no-retina>\n<!--\n\t\t\t\t\t\t\t--><rs-layer\n\t\t\t\t\t\t\t\tid=\"slider-24-slide-581-layer-1\" \n\t\t\t\t\t\t\t\tclass=\"rs-selectable\"\n\t\t\t\t\t\t\t\tdata-type=\"text\"\n\t\t\t\t\t\t\t\tdata-rsp_ch=\"on\"\n\t\t\t\t\t\t\t\tdata-xy=\"x:c;y:m;\"\n\t\t\t\t\t\t\t\tdata-text=\"s:58;l:22;ls:2px;fw:800;a:inherit;\"\n\t\t\t\t\t\t\t\tdata-frame_0=\"tp:600;\"\n\t\t\t\t\t\t\t\tdata-frame_1=\"tp:600;st:9.9432373046875;sR:9.9432373046875;\"\n\t\t\t\t\t\t\t\tdata-frame_999=\"o:0;tp:600;st:8999.9996948242;sR:8690.0564575195;\"\n\t\t\t\t\t\t\t\tstyle=\"z-index:5;font-family:'Raleway';\"\n\t\t\t\t\t\t\t>DATENSCHUTZ UND COOKIES \n\t\t\t\t\t\t\t<\/rs-layer><!--\n\n\t\t\t\t\t\t\t--><rs-layer\n\t\t\t\t\t\t\t\tid=\"slider-24-slide-581-layer-2\" \n\t\t\t\t\t\t\t\tclass=\"rs-selectable\"\n\t\t\t\t\t\t\t\tdata-type=\"text\"\n\t\t\t\t\t\t\t\tdata-rsp_ch=\"on\"\n\t\t\t\t\t\t\t\tdata-xy=\"x:c;y:m;yo:70px;\"\n\t\t\t\t\t\t\t\tdata-text=\"s:25;l:22;a:inherit;\"\n\t\t\t\t\t\t\t\tdata-frame_0=\"tp:600;\"\n\t\t\t\t\t\t\t\tdata-frame_1=\"tp:600;st:9.9432373046875;sR:9.9432373046875;\"\n\t\t\t\t\t\t\t\tdata-frame_999=\"o:0;tp:600;st:8999.9996948242;sR:8690.0564575195;\"\n\t\t\t\t\t\t\t\tstyle=\"z-index:6;font-family:'Raleway';\"\n\t\t\t\t\t\t\t>Wir verarbeiten Ihre pers\u00f6nlichen Daten vertraulich und mit Sorgfalt \n\t\t\t\t\t\t\t<\/rs-layer><!--\n-->\t\t\t\t\t\t<\/rs-slide>\n\t\t\t\t\t<\/rs-slides>\n\t\t\t\t<\/rs-module>\n\t\t\t\t<script type=\"text\/javascript\">\n\t\t\t\t\tsetREVStartSize({c: 'rev_slider_24_1',rl:[1240,1024,1024,480],el:[700,620,620,600],gw:[1240,1024,1024,480],gh:[700,620,620,600],type:'standard',justify:'',layout:'fullwidth',mh:\"0\"});if (window.RS_MODULES!==undefined && window.RS_MODULES.modules!==undefined && window.RS_MODULES.modules[\"revslider241\"]!==undefined) {window.RS_MODULES.modules[\"revslider241\"].once = false;window.revapi24 = undefined;if (window.RS_MODULES.checkMinimal!==undefined) window.RS_MODULES.checkMinimal()}\n\t\t\t\t<\/script>\n\t\t\t<\/rs-module-wrap>\n\t\t\t<!-- END REVOLUTION SLIDER -->\n[\/vc_column][\/vc_row][vc_row][vc_column][vc_empty_space height=&#8220;80px&#8220;][vc_row_inner gap=&#8220;10&#8243;][vc_column_inner width=&#8220;3\/4&#8243; css=&#8220;.vc_custom_1557995642877{background-color: #f7f7f7 !important;}&#8220;][vc_column_text css=&#8220;.vc_custom_1558424412530{padding-top: 15px !important;padding-right: 15px !important;padding-bottom: 15px !important;padding-left: 15px !important;}&#8220;]<\/p>\n<h4>DATENSCHUTZ UND COOKIES<\/h4>\n<p>MAAZ Cheese B.V. ist f\u00fcr die Verarbeitung personenbezogener Daten gem\u00e4\u00df dieser Datenschutzrichtlinie verantwortlich.<\/p>\n<p><strong>Pers\u00f6nliche Daten, die wir sammeln und verarbeiten:<\/strong><\/p>\n<ul>\n<li>Vor- und Nachname<\/li>\n<li>E-Mail-Adresse<\/li>\n<li>Telefonnummer<\/li>\n<li>Betreff<\/li>\n<li>Deine Nachricht<\/li>\n<\/ul>\n<p>[\/vc_column_text][\/vc_column_inner][vc_column_inner width=&#8220;1\/4&#8243;][vc_column_text css=&#8220;.vc_custom_1557995671184{padding-top: 15px !important;}&#8220;]<\/p>\n<h4><strong>KONTAKT<\/strong><\/h4>\n<p>[\/vc_column_text]    \n\t<div class=\"vntd-contact-block contact-block-default\">\n\t\t<div class=\"contact-block-inner\">\n\t\t\t<div class=\"contact-block-header\">\n\t\t\t\t\t\t<\/div>\n\t\t\t<div class=\"contact-block-details\">\n\t\t\t\t<div class=\"contact-block-address\"><i class=\"fa fa-map-marker\"><\/i> <span>Portugalweg 17, 2411 PR Bodegraven<\/span><\/div><div class=\"contact-block-phone\"><i class=\"fa fa-phone\"><\/i> <span>+31 (0) 172 55 3000<\/span><\/div><div class=\"contact-block-email\"><i class=\"fa fa-envelope\"><\/i> <span><a href=\"mailto:info@maazcheese.nl\">info@maazcheese.nl<\/a><\/span><\/div>\t\t\t<\/div>\n\t\t<\/div>\n\t<\/div>\n\t\n\t[\/vc_column_inner][\/vc_row_inner][vc_row_inner css=&#8220;.vc_custom_1557995722093{margin-top: 50px !important;}&#8220;][vc_column_inner width=&#8220;3\/4&#8243;][vc_empty_space height=&#8220;12px&#8220;][vc_column_text]<\/p>\n<h4>REAKTIONEN<\/h4>\n<p>Wenn Besucher Kommentare auf der Website hinterlassen, erfassen wir die im Antwortformular angezeigten Informationen, die IP-Adresse des Besuchers und den Browser-Benutzeragenten, um Spam zu erkennen.<\/p>\n<p>Eine anonyme Zeichenfolge, die auf Ihrer E-Mail-Adresse basiert (dies wird auch als Hash bezeichnet), kann an den Gravatar-Dienst gesendet werden, wenn Sie diese verwenden. Die Seite mit den Datenschutzbestimmungen finden Sie hier: <a href=\"https:\/\/automattic.com\/privacy\/\">https:\/\/automattic.com\/privacy\/<\/a>. Nachdem Ihre Antwort genehmigt wurde, wird Ihr Profilfoto im Kontext Ihrer Antwort \u00f6ffentlich sichtbar.<\/p>\n<p>&nbsp;<\/p>\n<h4><strong>MEDIEN<\/strong><\/h4>\n<p>Wenn Sie ein registrierter Benutzer sind und Bilder auf die Website hochladen, d\u00fcrfen Sie keine Bilder mit EXIF-GPS-Positionsdaten hochladen. Besucher der Website k\u00f6nnen die Bilder von der Website herunterladen und die Standortdaten anzeigen.<\/p>\n<p>&nbsp;<\/p>\n<h4>KONTAKTFORMULARE<\/h4>\n<p><strong>COOKIES<\/strong><\/p>\n<p>Wir verwenden Cookies auf unserer Website. Cookies sind kleine Textdateien, die von einer Internetseite auf Ihrem PC, Tablet oder Mobiltelefon abgelegt werden.<\/p>\n<p>Wenn Sie einen Kommentar auf unserer Website hinterlassen, k\u00f6nnen Sie angeben, ob Ihr Name, Ihre E-Mail-Adresse und Ihre Website in einem Cookie gespeichert sein d\u00fcrfen. Wir tun dies zu Ihrer Bequemlichkeit, damit Sie diese Informationen f\u00fcr eine neue Antwort nicht erneut eingeben m\u00fcssen. Diese Cookies sind ein Jahr g\u00fcltig.<\/p>\n<p>Wenn Sie ein Konto haben und sich auf dieser Website anmelden, speichern wir ein tempor\u00e4res Cookie, um festzustellen, ob Ihr Browser Cookies akzeptiert. Dieser Cookie enth\u00e4lt keine pers\u00f6nlichen Informationen und wird gel\u00f6scht, sobald Sie Ihren Browser schlie\u00dfen.<\/p>\n<p>Sobald Sie sich anmelden, speichern wir einige Cookies in Verbindung mit Ihren Anmeldeinformationen und Bildschirmanzeigeoptionen. Login-Cookies haben eine G\u00fcltigkeit von 2 Tagen und Cookies f\u00fcr Bildschirmanzeigeoptionen eine G\u00fcltigkeit von 1 Jahr. Wenn Sie &#8222;Angemeldet bleiben&#8220; ausw\u00e4hlen, wird Ihr Login f\u00fcr 2 Wochen gespeichert. Sobald Sie sich von Ihrem Konto abmelden, werden Login-Cookies gel\u00f6scht.<\/p>\n<p>Wenn Sie eine Nachricht \u00e4ndern oder ver\u00f6ffentlichen, wird von Ihrem Browser ein zus\u00e4tzliches Cookie gespeichert. Dieses Cookie enth\u00e4lt keine pers\u00f6nlichen Daten und nur die Beitrags-ID des Artikels, den Sie bearbeitet haben. Dieser Cookie ist nach einem Tag abgelaufen.<\/p>\n<p>&nbsp;<\/p>\n<h4>Eingebettete Inhalte von anderen Websites<\/h4>\n<p>Nachrichten auf dieser Website k\u00f6nnen eingebettete (eingebettete) Inhalte enthalten (z. B. Videos, Bilder, Nachrichten usw.). Eingebettete Inhalte von anderen Websites verhalten sich genauso, als h\u00e4tte der Besucher diese andere Website besucht.<\/p>\n<p>Diese Websites k\u00f6nnen Daten \u00fcber Sie sammeln, Cookies verwenden, Tracking von Drittanbietern einbetten und Ihre Interaktion mit diesen eingebetteten Inhalten \u00fcberwachen, einschlie\u00dflich der Interaktion mit eingebetteten Inhalten, wenn Sie \u00fcber ein Konto verf\u00fcgen und auf dieser Website angemeldet sind.<\/p>\n<p>&nbsp;<\/p>\n<h4><strong>ANALYTICS<\/strong><\/h4>\n<p>Mit wem wir Ihre Daten gemeinsam nutzen<\/p>\n<p>Wie lange halten wir Ihre Daten<\/p>\n<p>Wenn Sie eine Antwort hinterlassen, werden diese Antwort und die Metadaten dieser Antwort f\u00fcr immer gespeichert. Auf diese Weise k\u00f6nnen wir Follow-up-Antworten automatisch erkennen und genehmigen, anstatt sie zu moderieren.<\/p>\n<p>F\u00fcr Benutzer, die auf unserer Website registriert sind (falls zutreffend), speichern wir auch personenbezogene Daten in ihrem Benutzerprofil. Alle Benutzer k\u00f6nnen ihre pers\u00f6nlichen Daten jederzeit anzeigen, \u00e4ndern oder l\u00f6schen (der Benutzername kann nicht ge\u00e4ndert werden). Website-Administratoren k\u00f6nnen diese Informationen auch anzeigen und \u00e4ndern.<\/p>\n<h4>LAGERBEDINGUNGEN<\/h4>\n<p>Wir halten Ihre Daten nicht l\u00e4nger als unbedingt notwendig ist, um die Ziele zu erreichen, f\u00fcr die die Daten gesammelt werden.<\/p>\n<p>&nbsp;<\/p>\n<p><strong>Austausch pers\u00f6nlicher Daten an Dritte<\/strong><\/p>\n<p>Wir geben personenbezogene Daten nur an Dritte weiter, wenn dies zur Durchf\u00fchrung unserer Vereinbarung oder zur Einhaltung einer gesetzlichen Verpflichtung erforderlich ist.<\/p>\n<p>&nbsp;<\/p>\n<p><strong>Welche Rechte haben Sie an Ihren Daten<\/strong><\/p>\n<p>Sie haben folgende Rechte an Ihren personenbezogenen Daten und deren Verarbeitung:<\/p>\n<ul>\n<li>Das Recht, Ihre pers\u00f6nlichen Daten einzusehen. Sie k\u00f6nnen uns jederzeit bitten, Ihre pers\u00f6nlichen Daten einzusehen und einen \u00dcberblick dar\u00fcber zu verschaffen.<\/li>\n<li>Das Recht, Ihre pers\u00f6nlichen Daten zu \u00e4ndern. Wenn Sie \u00c4nderungen an Ihren pers\u00f6nlichen Daten vornehmen m\u00f6chten, k\u00f6nnen Sie uns diesbez\u00fcglich eine Anfrage senden.<\/li>\n<li>Das Recht, uns aufzufordern, Ihre pers\u00f6nlichen Daten zu l\u00f6schen (das Recht, vergessen zu werden). Dies enth\u00e4lt keine Daten, die wir f\u00fcr administrative, rechtliche oder Sicherheitszwecke aufbewahren m\u00fcssen.<\/li>\n<li>Das Recht, uns aufzufordern, Ihre pers\u00f6nlichen Daten einzuschr\u00e4nken: Sie k\u00f6nnen uns auffordern, bestimmte pers\u00f6nliche Daten zu verarbeiten und bestimmte pers\u00f6nliche Daten nicht zu verarbeiten.<\/li>\n<li>Das Recht, Ihre pers\u00f6nlichen Daten an Dritte weiterzugeben: Wenn Sie beispielsweise zu einem anderen Diensteanbieter wechseln m\u00f6chten, k\u00f6nnen Sie uns bitten, Ihre Daten diesem neuen Diensteanbieter zur Verf\u00fcgung zu stellen.<\/li>\n<li>Das Recht, der Verarbeitung Ihrer personenbezogenen Daten durch uns zu widersprechen.<\/li>\n<\/ul>\n<p>&nbsp;<\/p>\n<p>Wenn Sie diese Rechte verwenden m\u00f6chten, k\u00f6nnen Sie uns kontaktieren.<\/p>\n<p>Wenn es sich um einen Antrag auf Zugang kommt, \u00e4ndern, l\u00f6schen, zu begrenzen oder Transfer in \/ out Ihrer pers\u00f6nlichen Daten werden wir so bald wie m\u00f6glich und innerhalb von vier Wochen nach Ihrer Anfrage in jedem Fall erf\u00fcllen.<\/p>\n<p><strong>Wo wir Ihre Daten an ihn senden<\/strong><\/p>\n<p>Die Antworten der Besucher k\u00f6nnen von einem automatisierten Spam-Erkennungsdienst geleitet werden.<\/p>\n<p><strong>Wie wir Ihre Daten sch\u00fctzen<\/strong><\/p>\n<p>Wir nehmen den Schutz Ihrer pers\u00f6nlichen Daten sehr ernst und geeignete Ma\u00dfnahmen ergreifen, Missbrauch, Verlust, unbefugten Zugriff, ungewollte und unbefugte Offenlegung \u00c4nderung zu verhindern. Wenn Sie der Meinung sind, dass Ihre Informationen nicht richtig gesch\u00fctzt sind oder Anzeichen von Missbrauch vorliegen, kontaktieren Sie uns bitte \u00fcber die E-Mail-Adresse: <a href=\"mailto:info@maazcheese.nl\">info@maazcheese.nl<\/a>.<\/p>\n<p><strong>Haben Sie Fragen oder Beschwerden?<\/strong><br \/>\nWie oben angegeben, versuchen wir, Ihre pers\u00f6nlichen Daten so sorgf\u00e4ltig wie m\u00f6glich zu behandeln. Haben Sie Fragen zum Umgang mit Ihren personenbezogenen Daten? Dann k\u00f6nnen Sie uns kontaktieren. Wir werden uns dann bem\u00fchen, diese Fragen so gut wie m\u00f6glich zu beantworten.<\/p>\n<p>Wenn Sie der Ansicht sind, dass wir Ihre personenbezogenen Daten nicht sorgf\u00e4ltig genug behandelt haben, k\u00f6nnen Sie eine Beschwerde bei der nationalen Datenschutzbeh\u00f6rde, der niederl\u00e4ndischen Datenschutzbeh\u00f6rde, einreichen. Das kann \u00fcber den folgenden Link erfolgen: <a href=\"https:\/\/autoriteitpersoonsgegevens.nl\/nl\/contact-met-de-autoriteit-persoonsgegevens\/tip-ons\">https:\/\/autoriteitpersoonsgegevens.nl\/nl\/contact-met-de-autoriteit-persoonsgegevens\/tip-ons<\/a><\/p>\n<p><strong>Verschiedenes<\/strong><br \/>\nDiese Datenschutzerkl\u00e4rung kann jederzeit von Maaz Cheese angepasst werden. Wir empfehlen Ihnen daher, die Datenschutzbestimmungen regelm\u00e4\u00dfig zu \u00fcberpr\u00fcfen.<\/p>\n<p>Wenn Sie Fragen zu dieser Datenschutzerkl\u00e4rung, unseren Aktivit\u00e4ten im Bereich der Datenverarbeitung oder zum Umgang mit dieser Website haben, k\u00f6nnen Sie sich \u00fcber die E-Mail-Adresse an uns wenden: <a href=\"mailto:info@maazcheese.nl\">info@maazcheese.nl<\/a>.[\/vc_column_text][\/vc_column_inner][vc_column_inner width=&#8220;1\/4&#8243;][\/vc_column_inner][\/vc_row_inner][vc_empty_space height=&#8220;100px&#8220;][\/vc_column][\/vc_row]<\/p>\n","protected":false},"excerpt":{"rendered":"<p>[vc_row full_width=&#8220;stretch_row_content_no_spaces&#8220;][vc_column offset=&#8220;vc_hidden-lg vc_hidden-md vc_hidden-sm vc_hidden-xs&#8220;][\/vc_column][\/vc_row][vc_row full_width=&#8220;stretch_row_content_no_spaces&#8220;][vc_column][\/vc_column][\/vc_row][vc_row][vc_column][vc_empty_space height=&#8220;80px&#8220;][vc_row_inner gap=&#8220;10&#8243;][vc_column_inner width=&#8220;3\/4&#8243; css=&#8220;.vc_custom_1557995642877{background-color: #f7f7f7 !important;}&#8220;][vc_column_text css=&#8220;.vc_custom_1558424412530{padding-top: 15px !important;padding-right: 15px !important;padding-bottom: 15px !important;padding-left: 15px !important;}&#8220;] DATENSCHUTZ UND COOKIES MAAZ Cheese B.V. ist f\u00fcr die Verarbeitung personenbezogener Daten gem\u00e4\u00df dieser Datenschutzrichtlinie verantwortlich. Pers\u00f6nliche Daten, die wir sammeln und verarbeiten: Vor- und Nachname E-Mail-Adresse Telefonnummer [&hellip;]<\/p>\n","protected":false},"author":1,"featured_media":0,"parent":0,"menu_order":0,"comment_status":"closed","ping_status":"closed","template":"","meta":{"_exactmetrics_skip_tracking":false,"_exactmetrics_sitenote_active":false,"_exactmetrics_sitenote_note":"","_exactmetrics_sitenote_category":0},"yoast_head":"<!-- This site is optimized with the Yoast SEO plugin v20.6 - https:\/\/yoast.com\/wordpress\/plugins\/seo\/ -->\n<title>Datenschutz und Cookies - MAAZ Cheese<\/title>\n<meta name=\"robots\" content=\"index, follow, max-snippet:-1, max-image-preview:large, max-video-preview:-1\" \/>\n<link rel=\"canonical\" href=\"https:\/\/maazcheese.nl\/de\/datenschutz\/\" \/>\n<meta property=\"og:locale\" content=\"de_DE\" \/>\n<meta property=\"og:type\" content=\"article\" \/>\n<meta property=\"og:title\" content=\"Datenschutz und Cookies - MAAZ Cheese\" \/>\n<meta property=\"og:description\" content=\"[vc_row full_width=&#8220;stretch_row_content_no_spaces&#8220;][vc_column offset=&#8220;vc_hidden-lg vc_hidden-md vc_hidden-sm vc_hidden-xs&#8220;][\/vc_column][\/vc_row][vc_row full_width=&#8220;stretch_row_content_no_spaces&#8220;][vc_column][\/vc_column][\/vc_row][vc_row][vc_column][vc_empty_space height=&#8220;80px&#8220;][vc_row_inner gap=&#8220;10&#8243;][vc_column_inner width=&#8220;3\/4&#8243; css=&#8220;.vc_custom_1557995642877{background-color: #f7f7f7 !important;}&#8220;][vc_column_text css=&#8220;.vc_custom_1558424412530{padding-top: 15px !important;padding-right: 15px !important;padding-bottom: 15px !important;padding-left: 15px !important;}&#8220;] DATENSCHUTZ UND COOKIES MAAZ Cheese B.V. ist f\u00fcr die Verarbeitung personenbezogener Daten gem\u00e4\u00df dieser Datenschutzrichtlinie verantwortlich. Pers\u00f6nliche Daten, die wir sammeln und verarbeiten: Vor- und Nachname E-Mail-Adresse Telefonnummer [&hellip;]\" \/>\n<meta property=\"og:url\" content=\"https:\/\/maazcheese.nl\/de\/datenschutz\/\" \/>\n<meta property=\"og:site_name\" content=\"MAAZ Cheese\" \/>\n<meta property=\"article:modified_time\" content=\"2019-09-26T08:57:04+00:00\" \/>\n<meta name=\"twitter:card\" content=\"summary_large_image\" \/>\n<meta name=\"twitter:label1\" content=\"Gesch\u00e4tzte Lesezeit\" \/>\n\t<meta name=\"twitter:data1\" content=\"6 Minuten\" \/>\n<script type=\"application\/ld+json\" class=\"yoast-schema-graph\">{\"@context\":\"https:\/\/schema.org\",\"@graph\":[{\"@type\":\"WebPage\",\"@id\":\"https:\/\/maazcheese.nl\/de\/datenschutz\/\",\"url\":\"https:\/\/maazcheese.nl\/de\/datenschutz\/\",\"name\":\"Datenschutz und Cookies - MAAZ Cheese\",\"isPartOf\":{\"@id\":\"https:\/\/maazcheese.nl\/#website\"},\"datePublished\":\"2018-09-20T13:57:22+00:00\",\"dateModified\":\"2019-09-26T08:57:04+00:00\",\"breadcrumb\":{\"@id\":\"https:\/\/maazcheese.nl\/de\/datenschutz\/#breadcrumb\"},\"inLanguage\":\"de-DE\",\"potentialAction\":[{\"@type\":\"ReadAction\",\"target\":[\"https:\/\/maazcheese.nl\/de\/datenschutz\/\"]}]},{\"@type\":\"BreadcrumbList\",\"@id\":\"https:\/\/maazcheese.nl\/de\/datenschutz\/#breadcrumb\",\"itemListElement\":[{\"@type\":\"ListItem\",\"position\":1,\"name\":\"Home\",\"item\":\"https:\/\/maazcheese.nl\/de\/\"},{\"@type\":\"ListItem\",\"position\":2,\"name\":\"Datenschutz und Cookies\"}]},{\"@type\":\"WebSite\",\"@id\":\"https:\/\/maazcheese.nl\/#website\",\"url\":\"https:\/\/maazcheese.nl\/\",\"name\":\"MAAZ Cheese\",\"description\":\"from core to more\",\"publisher\":{\"@id\":\"https:\/\/maazcheese.nl\/#organization\"},\"potentialAction\":[{\"@type\":\"SearchAction\",\"target\":{\"@type\":\"EntryPoint\",\"urlTemplate\":\"https:\/\/maazcheese.nl\/?s={search_term_string}\"},\"query-input\":\"required name=search_term_string\"}],\"inLanguage\":\"de-DE\"},{\"@type\":\"Organization\",\"@id\":\"https:\/\/maazcheese.nl\/#organization\",\"name\":\"MAAZ Cheese B.V.\",\"url\":\"https:\/\/maazcheese.nl\/\",\"logo\":{\"@type\":\"ImageObject\",\"inLanguage\":\"de-DE\",\"@id\":\"https:\/\/maazcheese.nl\/#\/schema\/logo\/image\/\",\"url\":\"https:\/\/maazcheese.nl\/wp-content\/uploads\/2018\/09\/MAAZ-Cheese-LOGO-groot-website-1.png\",\"contentUrl\":\"https:\/\/maazcheese.nl\/wp-content\/uploads\/2018\/09\/MAAZ-Cheese-LOGO-groot-website-1.png\",\"width\":1200,\"height\":600,\"caption\":\"MAAZ Cheese B.V.\"},\"image\":{\"@id\":\"https:\/\/maazcheese.nl\/#\/schema\/logo\/image\/\"},\"sameAs\":[\"https:\/\/www.linkedin.com\/company\/maaz-cheese\/\"]}]}<\/script>\n<!-- \/ Yoast SEO plugin. -->","yoast_head_json":{"title":"Datenschutz und Cookies - MAAZ Cheese","robots":{"index":"index","follow":"follow","max-snippet":"max-snippet:-1","max-image-preview":"max-image-preview:large","max-video-preview":"max-video-preview:-1"},"canonical":"https:\/\/maazcheese.nl\/de\/datenschutz\/","og_locale":"de_DE","og_type":"article","og_title":"Datenschutz und Cookies - MAAZ Cheese","og_description":"[vc_row full_width=&#8220;stretch_row_content_no_spaces&#8220;][vc_column offset=&#8220;vc_hidden-lg vc_hidden-md vc_hidden-sm vc_hidden-xs&#8220;][\/vc_column][\/vc_row][vc_row full_width=&#8220;stretch_row_content_no_spaces&#8220;][vc_column][\/vc_column][\/vc_row][vc_row][vc_column][vc_empty_space height=&#8220;80px&#8220;][vc_row_inner gap=&#8220;10&#8243;][vc_column_inner width=&#8220;3\/4&#8243; css=&#8220;.vc_custom_1557995642877{background-color: #f7f7f7 !important;}&#8220;][vc_column_text css=&#8220;.vc_custom_1558424412530{padding-top: 15px !important;padding-right: 15px !important;padding-bottom: 15px !important;padding-left: 15px !important;}&#8220;] DATENSCHUTZ UND COOKIES MAAZ Cheese B.V. ist f\u00fcr die Verarbeitung personenbezogener Daten gem\u00e4\u00df dieser Datenschutzrichtlinie verantwortlich. Pers\u00f6nliche Daten, die wir sammeln und verarbeiten: Vor- und Nachname E-Mail-Adresse Telefonnummer [&hellip;]","og_url":"https:\/\/maazcheese.nl\/de\/datenschutz\/","og_site_name":"MAAZ Cheese","article_modified_time":"2019-09-26T08:57:04+00:00","twitter_card":"summary_large_image","twitter_misc":{"Gesch\u00e4tzte Lesezeit":"6 Minuten"},"schema":{"@context":"https:\/\/schema.org","@graph":[{"@type":"WebPage","@id":"https:\/\/maazcheese.nl\/de\/datenschutz\/","url":"https:\/\/maazcheese.nl\/de\/datenschutz\/","name":"Datenschutz und Cookies - MAAZ Cheese","isPartOf":{"@id":"https:\/\/maazcheese.nl\/#website"},"datePublished":"2018-09-20T13:57:22+00:00","dateModified":"2019-09-26T08:57:04+00:00","breadcrumb":{"@id":"https:\/\/maazcheese.nl\/de\/datenschutz\/#breadcrumb"},"inLanguage":"de-DE","potentialAction":[{"@type":"ReadAction","target":["https:\/\/maazcheese.nl\/de\/datenschutz\/"]}]},{"@type":"BreadcrumbList","@id":"https:\/\/maazcheese.nl\/de\/datenschutz\/#breadcrumb","itemListElement":[{"@type":"ListItem","position":1,"name":"Home","item":"https:\/\/maazcheese.nl\/de\/"},{"@type":"ListItem","position":2,"name":"Datenschutz und Cookies"}]},{"@type":"WebSite","@id":"https:\/\/maazcheese.nl\/#website","url":"https:\/\/maazcheese.nl\/","name":"MAAZ Cheese","description":"from core to more","publisher":{"@id":"https:\/\/maazcheese.nl\/#organization"},"potentialAction":[{"@type":"SearchAction","target":{"@type":"EntryPoint","urlTemplate":"https:\/\/maazcheese.nl\/?s={search_term_string}"},"query-input":"required name=search_term_string"}],"inLanguage":"de-DE"},{"@type":"Organization","@id":"https:\/\/maazcheese.nl\/#organization","name":"MAAZ Cheese B.V.","url":"https:\/\/maazcheese.nl\/","logo":{"@type":"ImageObject","inLanguage":"de-DE","@id":"https:\/\/maazcheese.nl\/#\/schema\/logo\/image\/","url":"https:\/\/maazcheese.nl\/wp-content\/uploads\/2018\/09\/MAAZ-Cheese-LOGO-groot-website-1.png","contentUrl":"https:\/\/maazcheese.nl\/wp-content\/uploads\/2018\/09\/MAAZ-Cheese-LOGO-groot-website-1.png","width":1200,"height":600,"caption":"MAAZ Cheese B.V."},"image":{"@id":"https:\/\/maazcheese.nl\/#\/schema\/logo\/image\/"},"sameAs":["https:\/\/www.linkedin.com\/company\/maaz-cheese\/"]}]}},"_links":{"self":[{"href":"https:\/\/maazcheese.nl\/de\/wp-json\/wp\/v2\/pages\/1579"}],"collection":[{"href":"https:\/\/maazcheese.nl\/de\/wp-json\/wp\/v2\/pages"}],"about":[{"href":"https:\/\/maazcheese.nl\/de\/wp-json\/wp\/v2\/types\/page"}],"author":[{"embeddable":true,"href":"https:\/\/maazcheese.nl\/de\/wp-json\/wp\/v2\/users\/1"}],"replies":[{"embeddable":true,"href":"https:\/\/maazcheese.nl\/de\/wp-json\/wp\/v2\/comments?post=1579"}],"version-history":[{"count":7,"href":"https:\/\/maazcheese.nl\/de\/wp-json\/wp\/v2\/pages\/1579\/revisions"}],"predecessor-version":[{"id":1650,"href":"https:\/\/maazcheese.nl\/de\/wp-json\/wp\/v2\/pages\/1579\/revisions\/1650"}],"wp:attachment":[{"href":"https:\/\/maazcheese.nl\/de\/wp-json\/wp\/v2\/media?parent=1579"}],"curies":[{"name":"wp","href":"https:\/\/api.w.org\/{rel}","templated":true}]}}